{"id":4674,"date":"2018-03-07T10:08:38","date_gmt":"2018-03-07T10:08:38","guid":{"rendered":"https:\/\/pazodapena.com\/?page_id=4674"},"modified":"2022-03-22T18:51:09","modified_gmt":"2022-03-22T18:51:09","slug":"condicions","status":"publish","type":"page","link":"https:\/\/pazodapena.com\/en\/condicions\/","title":{"rendered":"Terms and conditions"},"content":{"rendered":"<div class=\"col-md-1\"><\/div>\r\n<div class=\"col-md-10\">\r\n<div style=\"text-align: center;\"><b> <\/b><\/div><div style=\"text-align: center;\"><\/div>\r\n<div class=\"section-header col-xs-12 centered\">\r\n<h2><strong>INTRODUCCI\u00d3N<\/strong><\/h2>\r\n<\/div><div style=\"text-align: center;\"><\/div>\r\n\t<div style=\"text-align: center;\"><b> <\/b><\/div><div style=\"text-align: center;\"><\/div>\r\n<p>Las presentes condiciones generales se aplican a las reservas tramitadas mediante la web\u00a0<a href=\"https:\/\/pazodapena.com\/\" target=\"_blank\" rel=\"noopener noreferrer\">https:\/\/pazodapena.com\/<\/a>\u00a0(en adelante la &ldquo;web&rdquo;) y a trav\u00e9s del tel\u00e9fono y email de la Recepci\u00f3n de la propiedad. Las reservas formalizadas constituyen un contrato entre Usted (en adelante el &#8220;titular de la reserva&#8221; o &#8220;cliente&#8221;) y la empresa (en adelante la &#8220;propiedad&#8221;), cuyos datos fiscales se indican a continuaci\u00f3n:<\/p>\r\n<p>SISTEL-NOR S.L. (en adelante la &#8220;propiedad&#8221;), con domicilio social en r\u00faa Jos\u00e9 Villar Granjel, 28, 15898, Santiago de Compostela, A Coru\u00f1a y con CIF\u00a0B15662315.<\/p>\r\n<p>Se pone a disposici\u00f3n de sus clientes los siguientes canales para dirigir sus peticiones, cuestiones o reclamaciones:<\/p>\r\n<ul>\r\n\t<li style=\"text-align: left;\">Formulario de contacto de la web:\u00a0<a href=\"https:\/\/pazodapena.com\/contacto\/\" target=\"_blank\" rel=\"noopener noreferrer\">https:\/\/pazodapena.com\/contacto\/<\/a><\/li>\r\n\t<li style=\"text-align: left;\">Tel\u00e9fono de la Recepci\u00f3n: +34 988 333 038.<\/li>\r\n\t<li style=\"text-align: left;\">Email de la Recepci\u00f3n: <a href=\"mailto:recepcion@pazodapena.com\" target=\"_blank\" rel=\"noopener noreferrer\">recepcion@pazodapena.com<\/a><\/li>\r\n<\/ul>\r\n<p>La solicitud y la tramitaci\u00f3n de reservas en esta web, o a trav\u00e9s de nuestro tel\u00e9fono o email de Recepci\u00f3n, suponen la aceptaci\u00f3n plena e incondicional de la Nota legal y Pol\u00edtica de Privacidad de la web junto con las presentes condiciones generales de contrataci\u00f3n, en su \u00faltima versi\u00f3n, sin perjuicio de las condiciones particulares de las reservas que se dispongan en el proceso. Por ello, aconsejamos que proceda a la lectura de estas condiciones, antes de solicitar o formalizar su reserva y cada vez que acceda a nuestra p\u00e1gina web, ya que nos reservamos el derecho de cambiar, modificar, a\u00f1adir o eliminar en cualquier momento parte de estas condiciones generales.<\/p>\r\n<p>Las presentes condiciones generales de contrataci\u00f3n se regular\u00e1n por las leyes de regulaci\u00f3n y ordenaci\u00f3n de alojamientos de turismo rural de la Comunidad Aut\u00f3noma de Galicia.<\/p>\r\n<div style=\"text-align: center;\"><b> <\/b><\/div><div style=\"text-align: center;\"><\/div>\r\n<div class=\"section-header col-xs-12 centered\">\r\n<h2><strong>REGULACI\u00d3N JUR\u00cdDICA<\/strong><\/h2>\r\n<\/div><div style=\"text-align: center;\"><\/div>\r\n\t<div style=\"text-align: center;\"><b> <\/b><\/div><div style=\"text-align: center;\"><\/div>\r\n<p>Las presentes condiciones generales est\u00e1n sujetas a lo dispuesto en la Ley 7\/1998, de 13 de abril sobre Condiciones Generales de Contrataci\u00f3n, el Real Decreto Legislativo 1\/2007, de 16 de noviembre, por el que se aprueba el texto refundido de la Ley General para la Defensa de los Consumidores y usuarios y otras leyes complementarias, la Ley 34\/2002, de 11 de Julio, de Servicios de la Sociedad de la Informaci\u00f3n y de Comercio Electr\u00f3nico, as\u00ed como toda la normativa tur\u00edstica que resulte de aplicaci\u00f3n y, subsidiariamente, el C\u00f3digo Civil y el C\u00f3digo de Comercio.\u00a0<\/p>\r\n<div style=\"text-align: center;\"><b> <\/b><\/div><div style=\"text-align: center;\"><\/div>\r\n<div class=\"section-header col-xs-12 centered\">\r\n<h2><strong>CLAUSULADO<\/strong><\/h2>\r\n<\/div><div style=\"text-align: center;\"><\/div>\r\n\t<div style=\"text-align: center;\"><b> <\/b><\/div><div style=\"text-align: center;\"><\/div>\r\n<p>La formalizaci\u00f3n de reservas a trav\u00e9s de la web, o a trav\u00e9s del tel\u00e9fono o email de Recepci\u00f3n, est\u00e1n sujetas a las siguientes cl\u00e1usulas:<\/p>\r\n<div style=\"text-align: center;\"><b> <\/b><\/div><div style=\"text-align: center;\"><\/div>\r\n<div class=\"section-header col-xs-12 centered\">\r\n<h2><strong>1. MANIFESTACIONES<\/strong><\/h2>\r\n<\/div><div style=\"text-align: center;\"><\/div>\r\n\t<div style=\"text-align: center;\"><b> <\/b><\/div><div style=\"text-align: center;\"><\/div>\r\n<p>El titular de la reserva manifiesta:<\/p>\r\n<ul>\r\n\t<li style=\"text-align: left;\">Ser mayor de edad y disponer de plena capacidad para formalizar la reserva, manifestando que entiende y comprende la totalidad de las condiciones que se encuentran en la web.<\/li>\r\n\t<li style=\"text-align: left;\">Que los datos suministrados cuando formaliza la reserva son verdaderos y completos.<\/li>\r\n\t<li style=\"text-align: left;\">Que confirma la reserva solicitada y especialmente las habitaciones y servicios seleccionados, las fechas indicadas y el n\u00famero de personas.<\/li>\r\n\t<li style=\"text-align: left;\">Que en caso de reservar para un grupo, est\u00e1 autorizado para cumplimentar el formulario en nombre y por cuenta de todos los viajeros.<\/li>\r\n<\/ul>\r\n<div style=\"text-align: center;\"><b> <\/b><\/div><div style=\"text-align: center;\"><\/div>\r\n<div class=\"section-header col-xs-12 centered\">\r\n<h2><strong>2. ACCCESO A LA WEB<\/strong><\/h2>\r\n<\/div><div style=\"text-align: center;\"><\/div>\r\n\t<div style=\"text-align: center;\"><b> <\/b><\/div><div style=\"text-align: center;\"><\/div>\r\n<p>El acceso a esta p\u00e1gina web es responsabilidad del titular de la reserva.<\/p>\r\n<div style=\"text-align: center;\"><b> <\/b><\/div><div style=\"text-align: center;\"><\/div>\r\n<div class=\"section-header col-xs-12 centered\">\r\n<h2><strong>3. POL\u00cdTICA DE RESERVA<\/strong><\/h2>\r\n<\/div><div style=\"text-align: center;\"><\/div>\r\n\t<div style=\"text-align: center;\"><b> <\/b><\/div><div style=\"text-align: center;\"><\/div>\r\n<p>La propiedad procede a detallar las condiciones para formalizar y garantizar su reserva, siguiendo lo requerido en el art\u00edculo 13 del Decreto 179\/2011, de 22 de septiembre, de los establecimiento tur\u00edsticos de alojamiento amparados por la Conseller\u00eda de Cultura y Turismo de la Xunta de Galicia.<\/p>\r\n<p>Para formalizar la reserva, y como garant\u00eda de la misma, el titular de la reserva debe proporcionar los datos de una tarjeta de cr\u00e9dito o d\u00e9bito v\u00e1lida, su nombre completo, tel\u00e9fono m\u00f3vil personal y email.<\/p>\r\n<p>En el email de confirmaci\u00f3n de la reserva se incluyen los servicios detallados seg\u00fan las condiciones de la tarifa estipuladas en la web desde la que formaliza dicha reserva.<\/p>\r\n<p>Siete d\u00edas ANTES de la fecha de entrada, la propiedad cargar\u00e1 en la tarjeta proporcionada, en concepto de se\u00f1al, el 100% del importe total de la reserva detallada en este contrato de alojamiento tur\u00edstico.\u00a0El registro de esta se\u00f1al, anticipo o dep\u00f3sito es imprescindible para mantener activa su reserva. En caso de no haber podido cargar la se\u00f1al en su tarjeta en la fecha estipulada por la propiedad, su reserva ser\u00e1 cancelada al incumplir las condiciones generales del presente contrato de alojamiento tur\u00edstico. Un ejemplo:<\/p>\r\n<ul>\r\n<li style=\"text-align: left;\">Si la fecha de entrada de su reserva estuviese prevista para un\u00a0s\u00e1bado, el d\u00eda en el que se le cargar\u00eda el 100% del importe total como se\u00f1al de su reserva ser\u00eda el\u00a0s\u00e1bado de la semana anterior.<\/li><\/ul>\r\n<p>Si ha acordado con el personal de Recepci\u00f3n realizar el pago de la se\u00f1al mediante transferencia bancaria, siete d\u00edas ANTES de la fecha de entrada, deber\u00e1 realizar la transferencia del 100% del importe total de su reserva, y enviar ese mismo d\u00eda por email a\u00a0<a href=\"mailto:recepcion@pazodapena.com\" target=\"_blank\" rel=\"noopener noreferrer\">recepcion@pazodapena.com<\/a>\u00a0el justificante de la operaci\u00f3n.El registro de esta se\u00f1al, anticipo o dep\u00f3sito es imprescindible para mantener activa su reserva.\u00a0En caso de no recibir el justificante de la operaci\u00f3n en la fecha estipulada por la propiedad, su reserva ser\u00e1 cancelada al incumplir las condiciones generales del presente contrato de alojamiento tur\u00edstico. IBAN: ES77\u00a02080 0300 8630 4015\u00a00949.<\/p>\r\n<p>Si formaliza la reserva dentro de los siete d\u00edas antes de la fecha de entrada, o la realiza en el mismo d\u00eda de entrada,\u00a0la propiedad cargar\u00e1 en la tarjeta proporcionada, en concepto de se\u00f1al, el 100% del importe total de la reserva detallada en este contrato de alojamiento tur\u00edstico.\u00a0El registro de esta se\u00f1al, anticipo o dep\u00f3sito es imprescindible para mantener activa su reserva. En caso de no haber podido cargar la se\u00f1al en su tarjeta en la fecha estipulada por la propiedad, su reserva ser\u00e1 cancelada al incumplir las condiciones generales del presente contrato de alojamiento tur\u00edstico.<\/p>\r\n<p>El titular de la reserva autoriza expresamente a la propiedad para realizar los cargos previstos en las condiciones de la reserva, por ejemplo, para hacer frente a posibles penalizaciones por cancelaci\u00f3n o no presentaci\u00f3n, aceptando que los datos del medio de pago que haya proporcionado sean utilizados para llevar a cabo los correspondientes cobros. La transacci\u00f3n se efectuar\u00e1 en euros, sea cual sea el origen del titular de la reserva.<\/p>\r\n<div style=\"text-align: center;\"><b> <\/b><\/div><div style=\"text-align: center;\"><\/div>\r\n<div class=\"section-header col-xs-12 centered\">\r\n<h2><strong>4. POL\u00cdTICA DE CANCELACI\u00d3N<\/strong><\/h2>\r\n<\/div><div style=\"text-align: center;\"><\/div>\r\n\t<div style=\"text-align: center;\"><b> <\/b><\/div><div style=\"text-align: center;\"><\/div>\r\n<p>La propiedad procede a comunicar detalladamente las consecuencias de la anulaci\u00f3n de la reserva, siguiendo lo requerido en el apartado 3 h) del art\u00edculo 11 del\u00a0Decreto 179\/2011, de 22 de septiembre,\u00a0de los establecimientos tur\u00edsticos de alojamiento amparados por la Conseller\u00eda de Cultura y Turismo de la Xunta de Galicia.<\/p>\r\n<p>El titular de la reserva tiene derecho a cancelar su reserva en cualquier momento. No obstante, el titular de la reserva deber\u00e1 indemnizar a la propiedad por la resoluci\u00f3n del contrato en concepto del perjuicio ocasionado, tal y como se recoge en el apartado\u00a01 del\u00a0art\u00edculo 14 del Decreto 179\/2011, de 22 de septiembre, de los establecimientos tur\u00edsticos de alojamiento amparados por la Conseller\u00eda de Cultura y Turismo de la Xunta de Galicia.\u00a0<\/p>\r\n<p>La indemnizaci\u00f3n, o penalizaci\u00f3n, var\u00eda en funci\u00f3n de la antelaci\u00f3n con la cual el titular comunique la cancelaci\u00f3n, y se detalla a continuaci\u00f3n:<\/p>\r\n<p>Si el titular de la reserva comunica la cancelaci\u00f3n ANTES de los siete \u00faltimos d\u00edas a la fecha de entrada, la propiedad no exigir\u00e1 ninguna indemnizaci\u00f3n, por lo que la cancelaci\u00f3n se producir\u00e1 de forma gratuita para el titular de la reserva. Un ejemplo:<\/p>\r\n<ul>\r\n\t<li style=\"text-align: left;\">Si la fecha de entrada de su reserva estuviese prevista para un\u00a0s\u00e1bado, el \u00faltimo d\u00eda que podr\u00eda cancelar gratuitamente ser\u00eda las 23:59 del viernes de la semana anterior.<\/li>\r\n\t<li style=\"text-align: left;\">Si el titular de la reserva comunica la cancelaci\u00f3n entre el s\u00e9ptimo d\u00eda y el cuarto d\u00eda antes de la fecha de entrada, ambos d\u00edas incluidos, la propiedad\u00a0retendr\u00e1\u00a0en concepto de indemnizaci\u00f3n por el perjuicio causado, un 50% del importe total\u00a0de los servicios contratados y especificados en el presente contrato de alojamiento, y proceder\u00e1 a la devoluci\u00f3n del 50% de la se\u00f1al.<\/li>\r\n\t<li style=\"text-align: left;\">Si el titular de la reserva comunica la cancelaci\u00f3n durante los \u00faltimos tres d\u00edas antes de la fecha de entrada, o la comunica en el mismo d\u00eda de la entrada,\u00a0la propiedad retendr\u00e1 en concepto de indemnizaci\u00f3n por el perjuicio causado, el 100% del importe total de los servicios contratados y especificados en el presente contrato de alojamiento, es decir, el 100% de la se\u00f1al.<\/li>\r\n\t<li style=\"text-align: left;\">Si el titular de la reserva NO comunica su deseo de cancelar y no se presenta en el establecimiento (NO-SHOW), la reserva se entender\u00e1 cancelada a partir de las 12h de la jornada siguiente del d\u00eda de entrada de la reserva y la propiedad retendr\u00e1\u00a0en concepto de indemnizaci\u00f3n por el perjuicio causado,\u00a0el 100% del importe total de los servicios contratados y especificados en el presente contrato de alojamiento, es decir, el 100% de la se\u00f1al.<\/li>\r\n<\/ul>\r\n<p>El titular de la reserva deber\u00e1 comunicar la cancelaci\u00f3n de su reserva escribiendo un email a\u00a0<a href=\"mailto:recepcion@pazodapena.com\" target=\"_blank\" rel=\"noopener noreferrer\">recepcion@pazodapena.com<\/a>\u00a0indicando su nombre completo, as\u00ed como la fecha de entrada y salida de la reserva que desea cancelar<\/p>\r\n<p>En el momento en el que el titular de la reserva comunique su deseo de resolver el contrato de alojamiento vigente, la propiedad quedar\u00e1 exenta de su obligaci\u00f3n de reserva,\u00a0seg\u00fan\u00a0el apartado 2 del\u00a0art\u00edculo 14 del Decreto 179\/2011, de 22 de septiembre, de los establecimientos tur\u00edsticos de alojamiento amparados por la Conseller\u00eda de Cultura y Turismo de la Xunta de Galicia.<\/p>\r\n<div style=\"text-align: center;\"><b> <\/b><\/div><div style=\"text-align: center;\"><\/div>\r\n<div class=\"section-header col-xs-12 centered\">\r\n<h2><strong>5. POL\u00cdTICA DE MODIFICACI\u00d3N<\/strong><\/h2>\r\n<\/div><div style=\"text-align: center;\"><\/div>\r\n\t<div style=\"text-align: center;\"><b> <\/b><\/div><div style=\"text-align: center;\"><\/div>\r\n<p>Si el titular de la reserva abandona el establecimiento antes de la fecha de salida confirmada en su reserva,\u00a0la propiedad retendr\u00e1 en concepto de indemnizaci\u00f3n por el perjuicio causado, el 100% del importe total de los servicios contratados y especificados en el presente contrato de alojamiento, es decir, el 100% de la se\u00f1al, tal y como se recoge\u00a0en el apartado 2 del art\u00edculo 15 del\u00a0Decreto 179\/2011, de 22 de septiembre,\u00a0de los establecimientos tur\u00edsticos de alojamiento amparados por la Conseller\u00eda de Cultura y Turismo de la Xunta de Galicia.<\/p>\r\n<p>La se\u00f1al, anticipo o dep\u00f3sito aportado por el titular de la reserva no supone el pago de ninguna noche por adelantado, sino que esta se\u00f1al supone el pago del total de las noches de la estancia de su reserva confirmada por la propiedad en este contrato de alojamiento tur\u00edstico.\u00a0La estancia contratada es completa o no es:\u00a0Si el titular de la reserva renuncia al disfrute de alguna de las noches confirmadas en su reserva, no tendr\u00e1 derecho a la devoluci\u00f3n del importe que supongan dichas noches a las cuales renuncia de disfrutar, con total independencia del motivo.<\/p>\r\n<p>Cualquier solicitud de modificaci\u00f3n realizada por el titular de la reserva dentro de los \u00faltimos siete d\u00edas antes de la fecha prevista de entrada, o en el mismo d\u00eda de la entrada, la cual haga disminuir el importe total de la reserva confirmada en el presente contrato de alojamiento, se tramitar\u00e1 siguiendo las condiciones de cancelaci\u00f3n detalladas en la secci\u00f3n anterior a la actual. Algunos ejemplos:<\/p>\r\n<ul>\r\n\t<li style=\"text-align: left;\">Si la reserva confirmada incluye el alojamiento en varias habitaciones, y el titular desea modificar su reserva cancelando alguna de las habitaciones,\u00a0se aplicar\u00e1 la penalizaci\u00f3n por cancelaci\u00f3n que corresponda sobre cada una de las habitaciones que se anulan\u00a0seg\u00fan la antelaci\u00f3n con la que la cancelaci\u00f3n sea solicitada.<\/li>\r\n\t<li style=\"text-align: left;\">Si la reserva confirmada incluye el alojamiento durante varias noches, y el titular desea modificar su reserva cancelando alguna de las noches,\u00a0se aplicar\u00e1 la penalizaci\u00f3n por cancelaci\u00f3n que corresponda sobre cada una de las noches que se anulan\u00a0seg\u00fan la antelaci\u00f3n con la que la cancelaci\u00f3n sea solicitada.<\/li>\r\n<\/ul>\r\n<p>El titular de la reserva deber\u00e1 comunicar las modificaciones que desee efectuar en su reserva, escribiendo un email a\u00a0<a href=\"mailto:recepcion@pazodapena.com\" target=\"_blank\" rel=\"noopener noreferrer\">recepcion@pazodapena.com<\/a>\u00a0indicando su nombre completo y la fecha de entrada y salida de la reserva.<\/p>\r\n<div style=\"text-align: center;\"><b> <\/b><\/div><div style=\"text-align: center;\"><\/div>\r\n<div class=\"section-header col-xs-12 centered\">\r\n<h2><strong>6. HORARIOS DE LA RECEPCI\u00d3N<\/strong><\/h2>\r\n<\/div><div style=\"text-align: center;\"><\/div>\r\n\t<div style=\"text-align: center;\"><b> <\/b><\/div><div style=\"text-align: center;\"><\/div>\r\n<ul>\r\n\t<li style=\"text-align: left;\">El horario para efectuar el CHECK-IN (o registro de entrada), comienza a las 15:30 y\u00a0termina a las 20:30. Durante la ma\u00f1ana del d\u00eda de la entrada, le contactaremos v\u00eda Whatsapp, o telef\u00f3nicamente, para que as\u00ed nos puedan informar de su hora aproximada de llegada.<\/li>\r\n\t<li style=\"text-align: left;\">Antes de las 15:30 su habitaci\u00f3n no est\u00e1 garantizada y puede que el personal espec\u00edfico para recibirle y hacer el check-in no se encuentre en el establecimiento. Por su propia comodidad, le aconsejamos se presente en el establecimiento dentro del horario de check-in indicado.\u00a0<\/li>\r\n\t<li style=\"text-align: left;\">Si por incompatibilidad horaria tuviese que llegar m\u00e1s tarde del horario de check-in, disponemos de un protocolo especial de entrada para que pueda acceder al pazo a la hora nocturna que necesite o convenga, sin ning\u00fan l\u00edmite horario. Para poder hacerle llegar las instrucciones de entrada fuera de horario, ser\u00e1 imprescindible informar a nuestro equipo de Recepci\u00f3n v\u00eda telef\u00f3nica\u00a0 988 333 038 durante la ma\u00f1ana del d\u00eda de su entrada.<\/li>\r\n\t<li style=\"text-align: left;\">El horario para efectuar el CHECK-OUT (o registro de salida), comienza a las 08:30 y\u00a0termina a las 11:30.<\/li><\/ul>\r\n\t<div style=\"text-align: center;\"><b> <\/b><\/div><div style=\"text-align: center;\"><\/div>\r\n<div class=\"section-header col-xs-12 centered\">\r\n<h2><strong>7. NORMAS GENERALES<\/strong><\/h2>\r\n<\/div><div style=\"text-align: center;\"><\/div>\r\n\t<div style=\"text-align: center;\"><b> <\/b><\/div><div style=\"text-align: center;\"><\/div>\r\n\t<ul><li style=\"text-align: left;\">Para garantizar el descanso \u00f3ptimo de todos nuestros hu\u00e9spedes, se debe respetar el horario com\u00fan de descanso y hacer cualquier tipo de ruido que pueda incomodar a hu\u00e9spedes vecinos, sobre todo entre las 00:00 y las 10:00.<\/li>\r\n\t<li style=\"text-align: left;\">Cualquier da\u00f1o causados por los hu\u00e9spedes a objetos, muebles o a la propiedad en general, ser\u00e1 su exclusiva responsabilidad y deber\u00e1 hacerse cargo del abono de la reparaci\u00f3n o reposici\u00f3n de los mismos.<\/li>\r\n\t<li style=\"text-align: left;\">Est\u00e1 terminantemente prohibido fumar en las dependencias interiores de la propiedad.<\/li>\r\n\t<li style=\"text-align: left;\">No est\u00e1 permitido el alojamiento de mascotas.<\/li>\r\n\t<li style=\"text-align: left;\">Sistel-Nor S.L. (B15662315) con domicilio social en r\u00faa Jos\u00e9 Villar Granjel, 28, 15898, Santiago de Compostela, A Coru\u00f1a; ser reserva el derecho de admisi\u00f3n y de resoluci\u00f3n del contrato de alojamiento tur\u00edstico o alquiler en cualquier momento.<\/li>\r\n<\/ul>\r\n<div style=\"text-align: center;\"><b> <\/b><\/div><div style=\"text-align: center;\"><\/div>\r\n<div class=\"section-header col-xs-12 centered\">\r\n<h2><strong>8. DESISTIMIENTO<\/strong><\/h2>\r\n<\/div><div style=\"text-align: center;\"><\/div>\r\n\t<div style=\"text-align: center;\"><b> <\/b><\/div><div style=\"text-align: center;\"><\/div>\r\n<p>A los efectos de lo previsto por el art\u00edculo 97.1.i) Real Decreto Legislativo 1\/2007, se le informa de que, atendiendo a lo dispuesto por el art\u00edculo 103 l) del citado Real Decreto Legislativo, no le asiste el derecho de desistimiento.<\/p>\r\n<div style=\"text-align: center;\"><b> <\/b><\/div><div style=\"text-align: center;\"><\/div>\r\n<div class=\"section-header col-xs-12 centered\">\r\n<h2><strong>9. NULIDAD DE LAS Cl\u00c1USULAS\u00a0<\/strong><\/h2>\r\n<\/div><div style=\"text-align: center;\"><\/div>\r\n\t<div style=\"text-align: center;\"><b> <\/b><\/div><div style=\"text-align: center;\"><\/div>\r\n<p>Si una o varias de las cl\u00e1usulas incluidas en estas condiciones generales, fuese declarada total o parcialmente nula o ineficaz, \u00e9sta afectar\u00e1 s\u00f3lo a dicha disposici\u00f3n o a aquella parte que haya sido as\u00ed declarada, subsistiendo las condiciones generales en todo lo dem\u00e1s, teni\u00e9ndose tal disposici\u00f3n, o la parte de la misma afectada, por no puesta.<\/p>\r\n<div style=\"text-align: center;\"><b> <\/b><\/div><div style=\"text-align: center;\"><\/div>\r\n<div class=\"section-header col-xs-12 centered\">\r\n<h2><strong>10. ACEPTACI\u00d3N<\/strong><\/h2>\r\n<\/div><div style=\"text-align: center;\"><\/div>\r\n\t<div style=\"text-align: center;\"><b> <\/b><\/div><div style=\"text-align: center;\"><\/div>\r\n<p>La solicitud y la formalizaci\u00f3n de la reserva implican necesariamente que todas y cada una de las presentes condiciones generales, consideradas como parte integrante de la reserva y completada con las condiciones de la tarifa y la legislaci\u00f3n espec\u00edfica aplicable, son expresamente aceptadas por el titular de la reserva. Las presentes condiciones, las condiciones particulares de la tarifa y la confirmaci\u00f3n o solicitud de reserva, expresan la integridad de las obligaciones entre las partes.\u00a0<\/p>\r\n<div style=\"text-align: center;\"><b> <\/b><\/div><div style=\"text-align: center;\"><\/div>\r\n<div class=\"section-header col-xs-12 centered\">\r\n<h2><strong>11. LEY APLICABLE Y FUERO COMPETENTE<\/strong><\/h2>\r\n<\/div><div style=\"text-align: center;\"><\/div>\r\n\t<div style=\"text-align: center;\"><b> <\/b><\/div><div style=\"text-align: center;\"><\/div>\r\n<p>El presente contrato, se regir\u00e1 por la ley espa\u00f1ola con exclusi\u00f3n de sus reglas de conflicto de ley. Sin perjuicio de los derechos reconocidos a los consumidores en materia de competencia jurisdiccional por el Real Decreto Legislativo 1\/2007, de 16 de noviembre, cualquier controversia que pudiera derivarse de la utilizaci\u00f3n de la web o de los servicios vinculados a la misma se someter\u00e1 a la jurisdicci\u00f3n y competencia de los Juzgados y Tribunales competentes atendiendo al domicilio de la propiedad, renunciando expresamente el cliente a su fuero propio si lo tuviera.<\/p>\r\n\t<\/div>\r\n\t<div class=\"col-md-1\"><\/div>","protected":false},"excerpt":{"rendered":"<p>INTRODUCCI\u00d3N Las presentes condiciones generales se aplican a las reservas tramitadas mediante la web\u00a0https:\/\/pazodapena.com\/\u00a0(en adelante la &ldquo;web&rdquo;) y a trav\u00e9s del tel\u00e9fono y email de la Recepci\u00f3n de la propiedad. Las reservas formalizadas constituyen un contrato entre Usted (en adelante &hellip; <a href=\"https:\/\/pazodapena.com\/en\/condicions\/\">Read More<\/a><\/p>\n","protected":false},"author":1,"featured_media":0,"parent":0,"menu_order":0,"comment_status":"closed","ping_status":"closed","template":"","meta":{"footnotes":""},"_links":{"self":[{"href":"https:\/\/pazodapena.com\/en\/wp-json\/wp\/v2\/pages\/4674"}],"collection":[{"href":"https:\/\/pazodapena.com\/en\/wp-json\/wp\/v2\/pages"}],"about":[{"href":"https:\/\/pazodapena.com\/en\/wp-json\/wp\/v2\/types\/page"}],"author":[{"embeddable":true,"href":"https:\/\/pazodapena.com\/en\/wp-json\/wp\/v2\/users\/1"}],"replies":[{"embeddable":true,"href":"https:\/\/pazodapena.com\/en\/wp-json\/wp\/v2\/comments?post=4674"}],"version-history":[{"count":16,"href":"https:\/\/pazodapena.com\/en\/wp-json\/wp\/v2\/pages\/4674\/revisions"}],"predecessor-version":[{"id":5547,"href":"https:\/\/pazodapena.com\/en\/wp-json\/wp\/v2\/pages\/4674\/revisions\/5547"}],"wp:attachment":[{"href":"https:\/\/pazodapena.com\/en\/wp-json\/wp\/v2\/media?parent=4674"}],"curies":[{"name":"wp","href":"https:\/\/api.w.org\/{rel}","templated":true}]}}