{"id":1565,"date":"2016-01-29T14:54:40","date_gmt":"2016-01-29T14:54:40","guid":{"rendered":"http:\/\/v2.pazodapenamanzaneda.com\/?page_id=1565"},"modified":"2019-02-09T10:58:05","modified_gmt":"2019-02-09T10:58:05","slug":"aviso-legal","status":"publish","type":"page","link":"https:\/\/pazodapena.com\/gl\/aviso-legal\/","title":{"rendered":"Aviso Legal"},"content":{"rendered":"<h1 class=\"heading font-smoothing\">DATOS DA EMPRESA<\/h1>\r\nEn cumprimento do artigo 10 da Lei 34\/2002, de 11 de xullo, de Servizos da Sociedade da Informaci\u00f3n e Comercio Electr\u00f3nico, SISTEL-NOR, S.L<strong>.<\/strong>\u00a0 inf\u00f3rmalle de que se atopa inscrita no Rexistro Mercantil da\u00a0Coru\u00f1a, Tomo 2111, Folio 67, Hoja\u00a0C-21934, sendo os seus datos identificativos os seguintes::\r\n\r\nDenominaci\u00f3n social \u00e9\u00a0SISTEL-NOR, S.L<strong>.<\/strong>\r\n\r\nB-15662315\r\n\r\nDomicilio social:\r\n\r\nR\u00faa do Proxecto Vagalume 3\u00ba, 1\u00baA\u00a015703 &#8211; Santiago de Compostela ( A Coru\u00f1a )\r\n\r\nTel\u00e9fono:\u00a0981 592 121\r\n\r\nFAX:\u00a0981 590 644\r\n\r\nCorreo electr\u00f3nico a efectos de comunicaci\u00f3n:\u00a0<a href=\"mailto:info@seguridadea1.com\">info@seguridadea1.com<\/a>\r\n\r\n&nbsp;\r\n\r\nTodas as notificaci\u00f3ns e comunicaci\u00f3ns entre os usuarios e SISTEL-NOR, S.L<strong>.<\/strong> consideraranse eficaces, a todos os efectos, cando se realicen a trav\u00e9s de correo postal ou calquera outro medio dos detallados anteriormente.\r\n<h1 class=\"heading font-smoothing\"><\/h1>\r\n&nbsp;\r\n<h1 class=\"heading font-smoothing\">CONDICI\u00d3NS DE ACCESO E\u00a0UTILIZACI\u00d3N<\/h1>\r\nO presente aviso legal regula o uso do sitio web (en adiante, A WEB), do que \u00e9 titular SISTEL-NOR, S.L<strong>.<\/strong>.\r\n\r\nA\u00a0navegaci\u00f3n pola web de SISTEL-NOR, S.L<strong>. <\/strong>atrib\u00fae a condici\u00f3n de usuario do mesmo e implica a aceptaci\u00f3n plena e sen reservas de todas e cada unha das disposici\u00f3ns inclu\u00eddas neste Aviso Legal, que poden sufrir modificaci\u00f3ns.\r\n\r\nO sitio web e os seus servizos son de acceso libre e gratu\u00edto, non obstante, SISTEL-NOR, S.L<strong>.\u00a0<\/strong>condiciona a utilizaci\u00f3n dalg\u00fans dos servizos ofrecidos na s\u00faa web \u00e1 previa cumplimentaci\u00f3n do correspondente formulario.\r\n\r\nTodos os contidos do sitio web, como textos, fotograf\u00edas, gr\u00e1ficos, imaxes, iconas, tecnolox\u00eda, software, as\u00ed como o seu dese\u00f1o e c\u00f3digos fonte, constit\u00faen unha obra cuxa propiedade pertence a SISTEL-NOR, S.L<strong>.<\/strong>,\u00a0sen que poidan entenderse cedidos ao usuario ning\u00fan dos dereitos de explotaci\u00f3n sobre os mesmos m\u00e1is al\u00f3 do estritamente necesario para o correcto uso da web.\r\n\r\nO usuario garante a autenticidade e actualidade de todos aqueles datos que comunique a <span style=\"line-height: 1.5;\">SISTEL-NOR, S.L<\/span><strong style=\"line-height: 1.5;\">.<\/strong><span style=\"line-height: 1.5;\">\u00a0e\u00a0<\/span>ser\u00e1 o \u00fanico responsable das manifestaci\u00f3ns falsas ou inexactas que realice.\r\n\r\nO usuario obr\u00edgase a facer un uso correcto do sitio web de conformidade coas leis, a boa fe, a orde p\u00fablica, os usos do tr\u00e1fico e o presente Aviso Legal. O usuario responder\u00e1 fronte a SISTEL-NOR, S.L<strong>.<\/strong> ou fronte a terceiros, de calquera dano e prexu\u00edzo que puideran causarse como consecuencia do incumprimento de dita obriga.\r\n<h1 class=\"heading font-smoothing\"><\/h1>\r\n&nbsp;\r\n<h1 class=\"heading font-smoothing\">POL\u00cdTICA DE LIGAZ\u00d3NS E\u00a0EXENCI\u00d3NS DE RESPONSABILIDADES<\/h1>\r\nSISTEL-NOR, S.L<strong>.<\/strong> non se fai responsable do contido das p\u00e1xinas web \u00e1s que o usuario poida acceder a trav\u00e9s das ligaz\u00f3ns establecidos na s\u00faa website e declara que en ning\u00fan caso proceder\u00e1 a examinar ou exercitar ning\u00fan tipo de control sobre o contido doutras p\u00e1xinas da rede. As\u00ed mesmo, tampouco garantir\u00e1 a dispo\u00f1ibilidade t\u00e9cnica, exactitude, veracidade, validez ou legalidade de p\u00e1xinas alleas \u00e1 s\u00faa propiedade \u00e1s que se poida acceder por medio das ligaz\u00f3ns.\r\n\r\nSISTEL-NOR, S.L<strong>.<\/strong> declara ter adoptado todas as medidas necesarias para evitar calquera dano que, aos usuarios da s\u00faa website, puideran derivarse da navegaci\u00f3n pola s\u00faa p\u00e1xina web. En consecuencia, SISTEL-NOR, S.L<strong>.\u00a0<\/strong>non se fai responsable, en ning\u00fan caso, dos eventuais danos que pola navegaci\u00f3n por Internet puidera sufrir o usuario.\r\n\r\n&nbsp;\r\n\r\n&nbsp;\r\n<h1 class=\"heading font-smoothing\">USO DE COOKIES E\u00a0DATOS ESTAT\u00cdSTICOS<\/h1>\r\nEsta p\u00e1xina web non recolle nin almacena datos persoais dos seus visitantes. \u00danicamente, coa finalidade de ofrecerlle o mellor servizo a trav\u00e9s desta p\u00e1xina, e co obxecto de facilitar o seu uso, anal\u00edzanse o n\u00famero de p\u00e1xinas visitadas, o n\u00famero de visitas, as\u00ed como a s\u00faa frecuencia de utilizaci\u00f3n.\r\n\r\n<span style=\"line-height: 1.5;\">A estes efectos, util\u00edzanse os datos estat\u00edsticos elaborados polo Provedor de Servizos de Internet de SISTEL-NOR, S.L<\/span><strong style=\"line-height: 1.5;\">. <\/strong>Con esta informaci\u00f3n anal\u00edzase a frecuencia de uso da web da mercantil a partir dos datos de conexi\u00f3n, e as secci\u00f3ns m\u00e1s visitadas. <span style=\"line-height: 1.5;\">SISTEL-NOR, S.L<\/span><strong style=\"line-height: 1.5;\">.\u00a0<\/strong>non utiliza cookies para recoller informaci\u00f3n dos usuarios desde a s\u00faa p\u00e1xina web nin rexistra os seus enderezos IP.\r\n\r\nO usuario ten a posibilidade de configurar o seu navegador de modo que se lle informe da recepci\u00f3n de cookies, podendo, se as\u00ed o desexa, impedir que sexan instaladas no seu disco duro. Non obstante, para o acceso \u00e1 website de SISTEL-NOR, S.L<strong>.<\/strong> non ser\u00e1 preceptiva a instalaci\u00f3n de cookies.\r\n\r\n&nbsp;\r\n\r\n&nbsp;\r\n<h1 class=\"heading font-smoothing\">PROTECCI\u00d3N DE DATOS<\/h1>\r\nInf\u00f3rmaselle de que os datos persoais que nos facilite voluntariamente, a trav\u00e9s dos distintos formularios da web, ser\u00e1n incorporados a un ficheiro titularidade de SISTEL-NOR, S.L<strong>.<\/strong>\u00a0con domicilio en R\u00faa do Proxecto Vagalume 3\u00ba, 1\u00baA\u00a015703 &#8211; Santiago de Compostela (A Coru\u00f1a), que cumpre coas medidas de seguridade esixidas no Real Decreto 1720\/2007 de 21 de decembro. A finalidade de dito ficheiro \u00e9 a prestaci\u00f3n e administraci\u00f3n do servizo contratado ou solicitado, as\u00ed como a realizaci\u00f3n de estat\u00edsticas, a remisi\u00f3n de publicidade e outras promoci\u00f3ns comerciais que SISTEL-NOR, S.L<strong>.\u00a0<\/strong>poida efectuar nun futuro.\r\n\r\nMediante o env\u00edo dos mencionados formularios, o usuario autoriza \u00a0que se lle env\u00ede informaci\u00f3n e comunicaci\u00f3ns comerciais a trav\u00e9s de correo postal, correo electr\u00f3nico ou fax dos produtos e servizos da empresa.\r\n\r\nAs\u00ed mesmo, SISTEL-NOR, S.L<strong>. <\/strong>cancelar\u00e1 ou rectificar\u00e1 os datos cando resulten inexactos, incompletos ou te\u00f1an deixado de ser necesarios para a s\u00faa finalidade, de conformidade co previsto na Ley Org\u00e1nica 15\/1999, de 13 de decembro, de Protecci\u00f3n de Datos de Car\u00e1cter Persoal.\r\n\r\nO usuario poder\u00e1 revocar o consentimento prestado e exercer os dereitos de acceso, rectificaci\u00f3n, cancelaci\u00f3n e oposici\u00f3n dirix\u00edndose por escrito a SISTEL-NOR, S.L<strong>.<\/strong>, no seguinte enderezo R\u00faa do Proxecto Vagalume 3\u00ba, 1\u00baA\u00a015703 &#8211; Santiago de Compostela (A Coru\u00f1a), ou ben a trav\u00e9s do seguinte correo electr\u00f3nico <a href=\"mailto:info@seguridadea1.com\">info@seguridadea1.com<\/a>,\u00a0identific\u00e1ndose debidamente e indicando de forma visible o concreto dereito que se exerce.\r\n\r\nSISTEL-NOR, S.L<strong>.\u00a0<\/strong>adopta os niveis de seguridade correspondentes requiridos pola citada Lei Org\u00e1nica 15\/1999 e demais normativa aplicable. Non obstante, non asume ningunha responsabilidade polos danos e prexu\u00edzos derivados de alteraci\u00f3ns que terceiros poidan causar nos sistemas inform\u00e1ticos, documentos electr\u00f3nicos ou ficheiros do usuario.","protected":false},"excerpt":{"rendered":"<p>DATOS DA EMPRESA En cumprimento do artigo 10 da Lei 34\/2002, de 11 de xullo, de Servizos da Sociedade da Informaci\u00f3n e Comercio Electr\u00f3nico, SISTEL-NOR, S.L.\u00a0 inf\u00f3rmalle de que se atopa inscrita no Rexistro Mercantil da\u00a0Coru\u00f1a, Tomo 2111, Folio 67, &hellip; <a href=\"https:\/\/pazodapena.com\/gl\/aviso-legal\/\">Ler m\u00e1is<\/a><\/p>\n","protected":false},"author":1,"featured_media":0,"parent":0,"menu_order":0,"comment_status":"closed","ping_status":"closed","template":"","meta":{"footnotes":""},"_links":{"self":[{"href":"https:\/\/pazodapena.com\/gl\/wp-json\/wp\/v2\/pages\/1565"}],"collection":[{"href":"https:\/\/pazodapena.com\/gl\/wp-json\/wp\/v2\/pages"}],"about":[{"href":"https:\/\/pazodapena.com\/gl\/wp-json\/wp\/v2\/types\/page"}],"author":[{"embeddable":true,"href":"https:\/\/pazodapena.com\/gl\/wp-json\/wp\/v2\/users\/1"}],"replies":[{"embeddable":true,"href":"https:\/\/pazodapena.com\/gl\/wp-json\/wp\/v2\/comments?post=1565"}],"version-history":[{"count":0,"href":"https:\/\/pazodapena.com\/gl\/wp-json\/wp\/v2\/pages\/1565\/revisions"}],"wp:attachment":[{"href":"https:\/\/pazodapena.com\/gl\/wp-json\/wp\/v2\/media?parent=1565"}],"curies":[{"name":"wp","href":"https:\/\/api.w.org\/{rel}","templated":true}]}}