{"id":197,"date":"2015-06-30T05:46:13","date_gmt":"2015-06-30T05:46:13","guid":{"rendered":"http:\/\/import.themovation.com\/bellevue\/chalet\/?page_id=197"},"modified":"2024-03-01T22:51:37","modified_gmt":"2024-03-01T22:51:37","slug":"contacto","status":"publish","type":"page","link":"https:\/\/pazodapena.com\/gl\/contacto\/","title":{"rendered":"Contacta Connosco"},"content":{"rendered":"<div class=\"section-header col-xs-12 centered\">\r\n<h2>CONTACTA CONNOSCO<\/h2>\r\n<\/div>\r\n<h4 style=\"text-align: center;\">Horario de atenci\u00f3n: 8:30 \u2013 12:30, 15:30 &#8211; 20:30<\/h4>\r\n<p style=\"text-align: center; color: #666; margin: 20px 0 0 0;\"><a href=\"https:\/\/app.thebookingbutton.com\/properties\/pazodapenamanzanedadirect\">Atenci\u00f3n por email e tel\u00e9fono s\u00f3 para informaci\u00f3n e asesoramento persoalizado. <\/a><a href=\"https:\/\/app.thebookingbutton.com\/properties\/pazodapenamanzanedadirect\">A reserva deber\u00e1 ser feita a trav\u00e9s da propia web.<\/a><\/p>\r\n<div class=\"row\">\r\n<div class=\"col-md-2 \"><\/div>\r\n<div class=\"col-md-4\">\r\n\r\n&nbsp;\r\n<p style=\"text-align: center\">CONTACT US VIA EMAIL<\/p>\r\n\r\n<div class=\"frm_forms with_frm_style frm_style_formidable-style-2\">[gravityform id=&#8221;1&#8243; title=&#8221;false&#8221; description=&#8221;false&#8221; ajax=&#8221;true&#8221;]<\/div>\r\n<\/div>\r\n<div class=\"col-md-4\">\r\n<p style=\"text-align: center\">CONTACT US VIA TELEPHONE<\/p>\r\n\r\n<div class=\"tel\" style=\"text-align: center\"><i class=\"glyphicons fa fa-phone\"><\/i> <a href=\"tel:0034988333038\">+34 988 333 038<\/a><\/div>\r\n<\/div>\r\n<div class=\"col-md-2 \"><\/div>\r\n\r\n<\/div>","protected":false},"excerpt":{"rendered":"<p>CONTACTA CONNOSCO Horario de atenci\u00f3n: 8:30 \u2013 12:30, 15:30 &#8211; 20:30 Atenci\u00f3n por email e tel\u00e9fono s\u00f3 para informaci\u00f3n e asesoramento persoalizado. A reserva deber\u00e1 ser feita a trav\u00e9s da propia web.<\/p>\n","protected":false},"author":1,"featured_media":0,"parent":0,"menu_order":0,"comment_status":"closed","ping_status":"closed","template":"","meta":{"footnotes":""},"_links":{"self":[{"href":"https:\/\/pazodapena.com\/gl\/wp-json\/wp\/v2\/pages\/197"}],"collection":[{"href":"https:\/\/pazodapena.com\/gl\/wp-json\/wp\/v2\/pages"}],"about":[{"href":"https:\/\/pazodapena.com\/gl\/wp-json\/wp\/v2\/types\/page"}],"author":[{"embeddable":true,"href":"https:\/\/pazodapena.com\/gl\/wp-json\/wp\/v2\/users\/1"}],"replies":[{"embeddable":true,"href":"https:\/\/pazodapena.com\/gl\/wp-json\/wp\/v2\/comments?post=197"}],"version-history":[{"count":4,"href":"https:\/\/pazodapena.com\/gl\/wp-json\/wp\/v2\/pages\/197\/revisions"}],"predecessor-version":[{"id":5077,"href":"https:\/\/pazodapena.com\/gl\/wp-json\/wp\/v2\/pages\/197\/revisions\/5077"}],"wp:attachment":[{"href":"https:\/\/pazodapena.com\/gl\/wp-json\/wp\/v2\/media?parent=197"}],"curies":[{"name":"wp","href":"https:\/\/api.w.org\/{rel}","templated":true}]}}