{"id":2,"date":"2016-01-18T15:10:22","date_gmt":"2016-01-18T15:10:22","guid":{"rendered":"http:\/\/v2.pazodapenamanzaneda.com\/v2\/?page_id=2"},"modified":"2019-11-05T10:22:01","modified_gmt":"2019-11-05T10:22:01","slug":"a-pena-preciosa","status":"publish","type":"page","link":"https:\/\/pazodapena.com\/gl\/a-pena-preciosa\/","title":{"rendered":"A Pena Preciosa"},"content":{"rendered":"<div class=\"row\">\r\n<div class=\"col-md-1\"><\/div>\r\n<div class=\"col-md-10\">\r\n<p class=\"centered\" style=\"font-size: 20px;\"><em><b>A historia desta casa fidalga non se entende sen a fermosa xoia natural sobre a cal se erixiu: A PENA<\/b><\/em><\/p>\r\n<p class=\"centered\">O Pazo da Pena foi unha casa se\u00f1orial con orixe no s\u00e9culo XVI, constru\u00edda sobre unha fermosa rocha ou pena xigante, raz\u00f3n pola cal\r\nrecibiu o seu nome.<\/p>\r\n<p class=\"centered\">At\u00f3pase integrado no miolo da alde\u00ed\u00f1a de Rozavales, pertencente \u00e1 vila ourens\u00e1 de Manzaneda, na fermosa Ribeira Sacra do r\u00edo Bibei,\r\ncomarca da Terra de Trives.<\/p>\r\n\r\n<\/div>\r\n<\/div>\r\n<div class=\"row\">\r\n<div class=\"col-md-12 pena1 .centered\"><img decoding=\"async\" class=\"aligncenter wp-image-2221 size-full\" src=\"https:\/\/pazodapena.com\/wp-content\/uploads\/2016\/01\/preciosa_f.jpg\" alt=\"\" width=\"100%\" \/><\/div>\r\n<\/div>\r\n<div class=\"row\">\r\n<div class=\"col-md-1\"><\/div>\r\n<div class=\"col-md-10\">\r\n<div class=\"section-header centered\" style=\"padding-top: 30px;\">\r\n<h2>Li\u00f1axe<\/h2>\r\n<\/div>\r\n<p class=\"centered\"><b>A pedra de armas do pazo at\u00f3pase xusto \u00e1 dereita do gran port\u00f3n da fachada, a trav\u00e9s do cal se accede ao Patio do Se\u00f1orito.<\/b><\/p>\r\n<p class=\"centered\"><b>Nela pres\u00e9ntanse, moi ben conservados, os bras\u00f3ns dos catro apelidos do seu fundador: Gaioso, Lousada, Quiroga e Dom\u00ednguez.<\/b><\/p>\r\n&nbsp;\r\n\r\n<\/div>\r\n<\/div>\r\n<div class=\"row\">\r\n<div class=\"col-md-1\"><\/div>\r\n<div class=\"col-md-10\"><img decoding=\"async\" class=\"aligncenter size-full\" src=\"https:\/\/pazodapena.com\/wp-content\/uploads\/escudo.png\" width=\"100%\" \/><\/div>\r\n<\/div>\r\n<div class=\"row\">\r\n<div class=\"col-md-1\"><\/div>\r\n<div class=\"col-md-10\">\r\n<div class=\"section-header centered\" style=\"padding-top: 30px;\">\r\n<h2>A Arquitectura<\/h2>\r\n<\/div>\r\n<p class=\"centered\">A planta do pazo responde ao esquema rectangular con d\u00faas torres nos \u00e1ngulos, t\u00edpico da arquitectura pacega.<\/p>\r\n<p class=\"centered\">Todo o edificio se artella arredor de dous patios: o m\u00e1is grande, co\u00f1ecido como \u201cPatio do Se\u00f1orito\u201d, ten ao seu redor os sal\u00f3ns e as dependencias se\u00f1oriais; mentres que o outro, m\u00e1is pequeno, pertence \u00e1 vivenda dos caseiros.<\/p>\r\n\r\n<div class=\"row\">\r\n<div class=\"col-md-12 pena pena6 .centered\"><img decoding=\"async\" class=\"aligncenter wp-image-2468 size-full\" src=\"https:\/\/pazodapena.com\/wp-content\/uploads\/preciosa6.png\" width=\"100%\" \/><\/div>\r\n<\/div>\r\n&nbsp;\r\n<div class=\"row\">\r\n<div class=\"col-md-12 pena pena7 .centered\"><img decoding=\"async\" class=\"aligncenter wp-image-2468 size-full\" src=\"https:\/\/pazodapena.com\/wp-content\/uploads\/preciosa7.png\" width=\"100%\" \/><\/div>\r\n<\/div>\r\n<p><span class=\"pena-andar\" style=\"color: #3687b9;\">SEGUNDO ANDAR<\/span><br>\r\nO segundo e m\u00e1is alto andar \u00e9 o de menor extensi\u00f3n. No caso da parte se\u00f1orial, este andar corresp\u00f3ndese s\u00f3 co cuarto da torre co\u00f1ecido como A Trasfega. No caso da parte dos caseiros, o andar m\u00e1is alto corresp\u00f3ndese con oito dos quince cuartos que ten o pazo.<\/p>\r\n\r\n<p><span class=\"pena-andar\" style=\"color: #3687b9;\">ANDAR PRINCIPAL<\/span><br>\r\nO andar principal \u00e9 o de maior dimensi\u00f3n e acolle as dependencias principais, estend\u00e9ndose tanto pola parte se\u00f1orial como pola dos caseiros, comunicadas por unha porta.<\/p>\r\n\r\n<p><span class=\"pena-andar\" style=\"color: #3687b9;\">ANDAR BAIXO<\/span><br>\r\nO andar baixo do edificio ocupa unicamente a zona se\u00f1orial, e componse de varios espazos de grandes dimensi\u00f3ns destinados orixinalmente a servizos, cortes, cabalar\u00edas&#8230;<\/p>\r\n\r\n<\/div>\r\n<\/div>\r\n<div class=\"row\">\r\n<div class=\"col-md-12 pena4 .centered\"><img decoding=\"async\" class=\"aligncenter wp-image-2468 size-full\" src=\"https:\/\/pazodapena.com\/wp-content\/uploads\/pena4.jpg\" width=\"100%\" \/><\/div>\r\n<\/div>\r\n<div class=\"row\" style=\"padding-top: 30px;\">\r\n<div class=\"col-md-1\"><\/div>\r\n<div class=\"col-md-10\">\r\n<p class=\"centered\">Na fronte principal do pazo, pode diferenciarse a simple vista a construci\u00f3n nobre e se\u00f1orial, en bos perpia\u00f1os de granito cunha certa simetr\u00eda na s\u00faa fachada (zona esquerda da imaxe), e \u00e1 dereita desta, a construci\u00f3n dos caseiros, na cal perpia\u00f1os e cachotar\u00eda se mesturan, dominando esta \u00faltima canto m\u00e1is nos afastamos da construci\u00f3n se\u00f1orial.<\/p>\r\n<p class=\"centered\">A comezos do s\u00e9culo XXI, o pazo foi adquirido en compra-venda nun estado de importante deterioro, emprend\u00e9ndose unha rehabilitaci\u00f3n integral con total respecto \u00e1 s\u00faa singularidade.<\/p>\r\n\r\n<\/div>\r\n<\/div>\r\n<div class=\"row\">\r\n<div class=\"col-md-1\"><\/div>\r\n<div class=\"col-md-10 pena .centered\"><img decoding=\"async\" class=\"aligncenter wp-image-2468 size-full\" src=\"https:\/\/pazodapena.com\/wp-content\/uploads\/2016\/01\/presiosa_m.jpg\" width=\"100%\" \/><\/div>\r\n<\/div>\r\n<div class=\"row\">\r\n<div class=\"col-md-1\"><\/div>\r\n<div class=\"col-md-10\">\r\n<p class=\"centered\"><b>O amor polo noso patrimonio cultural e natural, xunto coas ganas de fomentar o co\u00f1ecemento, a sustentabilidade e a recuperaci\u00f3n do rural, quixeron que, despois de tantos anos de decadencia e soidade, a Casa da Pena voltase brillar nas noites de Manzaneda.<\/b><\/p>\r\n<p class=\"centered\" style=\"font-size: 20px;\">Agora s\u00f3 faltas ti para desfrutala.<\/p>\r\n\r\n<\/div>\r\n<\/div>\r\n<div class=\"row\" style=\"padding-top: 30px;\">\r\n<div class=\"col-md-1\"><\/div>\r\n<div class=\"col-md-10\"><div class=\"row\"><div class=\"col-md-6 \"><a href=\"\/acougo\/\"><img loading=\"lazy\" class=\"aligncenter wp-image-3050 size-full\" src=\"https:\/\/pazodapena.com\/wp-content\/uploads\/banners\/banner-cuartos.jpg\" width=\"750\" height=\"404\" \/><\/a><\/div><div class=\"col-md-6 \"><a href=\"\/nas-terras-do-senorito\/\"><img loading=\"lazy\" class=\"aligncenter wp-image-3051 size-full\" src=\"https:\/\/pazodapena.com\/wp-content\/uploads\/banners\/banner-senorito.jpg\" width=\"750\" height=\"404\" \/><\/a><\/div><\/div><\/div>\r\n<\/div>","protected":false},"excerpt":{"rendered":"<p>A historia desta casa fidalga non se entende sen a fermosa xoia natural sobre a cal se erixiu: A PENA O Pazo da Pena foi unha casa se\u00f1orial con orixe no s\u00e9culo XVI, constru\u00edda sobre unha fermosa rocha ou pena &hellip; <a href=\"https:\/\/pazodapena.com\/gl\/a-pena-preciosa\/\">Ler m\u00e1is<\/a><\/p>\n","protected":false},"author":1,"featured_media":0,"parent":0,"menu_order":0,"comment_status":"closed","ping_status":"open","template":"","meta":{"footnotes":""},"_links":{"self":[{"href":"https:\/\/pazodapena.com\/gl\/wp-json\/wp\/v2\/pages\/2"}],"collection":[{"href":"https:\/\/pazodapena.com\/gl\/wp-json\/wp\/v2\/pages"}],"about":[{"href":"https:\/\/pazodapena.com\/gl\/wp-json\/wp\/v2\/types\/page"}],"author":[{"embeddable":true,"href":"https:\/\/pazodapena.com\/gl\/wp-json\/wp\/v2\/users\/1"}],"replies":[{"embeddable":true,"href":"https:\/\/pazodapena.com\/gl\/wp-json\/wp\/v2\/comments?post=2"}],"version-history":[{"count":8,"href":"https:\/\/pazodapena.com\/gl\/wp-json\/wp\/v2\/pages\/2\/revisions"}],"predecessor-version":[{"id":5021,"href":"https:\/\/pazodapena.com\/gl\/wp-json\/wp\/v2\/pages\/2\/revisions\/5021"}],"wp:attachment":[{"href":"https:\/\/pazodapena.com\/gl\/wp-json\/wp\/v2\/media?parent=2"}],"curies":[{"name":"wp","href":"https:\/\/api.w.org\/{rel}","templated":true}]}}