{"id":2159,"date":"2016-06-14T08:09:17","date_gmt":"2016-06-14T08:09:17","guid":{"rendered":"http:\/\/v2.pazodapenamanzaneda.com\/?page_id=2159"},"modified":"2019-12-10T11:54:59","modified_gmt":"2019-12-10T11:54:59","slug":"nas-terras-do-senorito","status":"publish","type":"page","link":"https:\/\/pazodapena.com\/gl\/nas-terras-do-senorito\/","title":{"rendered":"Nas Terras do Se\u00f1orito"},"content":{"rendered":"<div class=\"row\">\r\n<div class=\"col-md-1\"><\/div>\r\n<div class=\"col-md-10\">\r\n<p class=\"centered\">O edificio que alberga o Pazo da Pena \u00e9 unha antiga casa se\u00f1orial coidadosamente restaurada con agarimo e elegancia, dotada coas\u00a0mellores e m\u00e1is modernas instalaci\u00f3ns.<\/p>\r\n<\/div>\r\n<\/div>\r\n\r\n<div class=\"mosaico\">\r\n\r\n<div class=\"section-header centered\" style=\"padding-top: 30px;\">\r\n\t<div class=\"centered\">\r\n\t\t<img decoding=\"async\" src=\"https:\/\/pazodapena.com\/wp-content\/uploads\/2016\/01\/senorito-ico-interior.png\" \/>\r\n\t<\/div>\r\n\t<h2>No interior do pazo<\/h2>\r\n<\/div>\r\n\r\n<div class=\"row\">\r\n<div class=\"col-md-1 blanco\"><\/div>\r\n<div class=\"col-md-10 blanco\">\r\n\t<p class=\"centered\">Disp\u00f3s de m\u00e1is de 700m2 de \u00e1reas com\u00fans por descubrir, onde o enxebre e o moderno conxugan \u00e1 perfecci\u00f3n, creando espazos \u00fanicos cun ambiente m\u00e1xico e inspirador.<\/p>\r\n<\/div>\r\n<\/div>\r\n\r\n<div class=\"row gris\">\r\n\t<div class=\"col-md-4 peza senorito7\">\r\n\t\t<img decoding=\"async\" loading=\"lazy\" class=\"aligncenter wp-image-3001 size-full\" src=\"https:\/\/pazodapena.com\/wp-content\/uploads\/senorito7.jpg\" width=\"586\" height=\"568\" \/>\r\n\t<\/div>\r\n\t<div class=\"col-md-4 col-txt\">\r\n\t\t<h3 class=\"centered\">PATIOS<\/h3>\r\n\t\t<p class=\"centered\">O pazo estrut\u00farase ao redor de dous\u00a0patios: un local\u00edzase na zona nobre do\u00a0edificio, e o outro at\u00f3pase no que era o\u00a0edificio dos caseiros do Se\u00f1orito.<\/p>\r\n\t\t<p class=\"centered\">Esta particular distribuci\u00f3n dos pazos\u00a0galegos, br\u00edndanos bel\u00edsimos espazos\u00a0cos que nos deleitar.<\/p>\r\n\t<\/div>\r\n\t<div class=\"col-md-4 peza senorito8\">\r\n\t\t<img decoding=\"async\" loading=\"lazy\" class=\"aligncenter wp-image-2440 size-full\" src=\"https:\/\/pazodapena.com\/wp-content\/uploads\/2016\/09\/senorito8.jpg\" width=\"584\" height=\"559\" \/>\r\n\t<\/div>\r\n<\/div>\r\n\r\n<!-- <div class=\"row gris\">\r\n\t<div class=\"col-md-4 col-txt\">\r\n\t<h3 class=\"centered\">COMEDOR DO PORT\u00d3N<\/h3>\r\n\t<p class=\"centered\">Contamos con d\u00faas salas habilitadas como comedores, onde servimos o delicioso Almorzo Labrego do pazo.<\/p>\r\n\t<\/div>\r\n\t<div class=\"col-md-8 peza senorito9\">\r\n\t\t<img decoding=\"async\" loading=\"lazy\" class=\"aligncenter wp-image-2441 size-full\" src=\"https:\/\/pazodapena.com\/wp-content\/uploads\/2016\/06\/senorito9.jpg\" width=\"1169\" height=\"560\" \/>\r\n\t<\/div>\r\n<\/div> -->\r\n\r\n<div class=\"row gris\">\r\n\t<div class=\"col-md-8 peza senorito3\"><img decoding=\"async\" loading=\"lazy\" class=\"aligncenter wp-image-2434 size-full\" src=\"https:\/\/pazodapena.com\/wp-content\/uploads\/2016\/06\/senorito3.jpg\" width=\"1170\" height=\"557\" \/><\/div>\r\n\t<div class=\"col-md-4 col-txt\">\r\n\t<h3 class=\"centered\">LAREIRA<\/h3>\r\n\t<p class=\"centered\">Sen d\u00fabida, un dos espazos con m\u00e1is\u00a0encanto da casa.<\/p>\r\n\t<p class=\"centered\">Nesta tradicional coci\u00f1a galega atopar\u00e1s\u00a0o lugar perfecto para desfrutar a car\u00f3n do\u00a0lume.<\/p>\r\n\t<p class=\"centered\">E se engadimos uns bos embutidos de\u00a0Manzaneda mais unha copa de vi\u00f1o da\u00a0nosa adega, a experiencia tornarase\u00a0inesquecible.<\/p>\r\n\t<\/div>\r\n<\/div>\r\n\r\n<div class=\"row gris\">\r\n\t<div class=\"col-md-4 col-txt\">\r\n\t<h3 class=\"centered\">SAL\u00d3N DO LUCERNARIO<\/h3>\r\n\t<p class=\"centered\">Fermoso sal\u00f3n onde destaca a gran\u00a0cheminea de pedra e o espectacular\u00a0lucernario, totalmente restaurado\u00a0inspir\u00e1ndose no fresco orixinal.<\/p>\r\n\t<\/div>\r\n\t<div class=\"col-md-8 peza senorito6\"><img decoding=\"async\" loading=\"lazy\" class=\"aligncenter wp-image-2438 size-full\" src=\"https:\/\/pazodapena.com\/wp-content\/uploads\/2016\/06\/senorito3b.jpg\" width=\"1169\" height=\"564\" \/><\/div>\r\n<\/div>\r\n\r\n<div class=\"row gris\">\r\n\t<div class=\"col-md-4 peza senorito1\"><img decoding=\"async\" loading=\"lazy\" class=\"aligncenter wp-image-2998 size-full\" src=\"https:\/\/pazodapena.com\/wp-content\/uploads\/2016\/06\/senorito1-2.jpg\" width=\"687\" height=\"557\" \/><\/div>\r\n\t<div class=\"col-md-4 col-txt\">\r\n\t<h3 class=\"centered\">SAL\u00d3N DA PENA<\/h3>\r\n\t<p class=\"centered\">O Sal\u00f3n da Pena, o m\u00e1is luxoso do pazo,\u00a0at\u00f3pase cheo de elegantes reliquias\u00a0dunha \u00e9poca pasada que che far\u00e1n voar\u00a0no tempo.<\/p>\r\n\t<p class=\"centered\">A trav\u00e9s do sal\u00f3n, acceder\u00e1s ao afamado\u00a0Balc\u00f3n da Pena.<\/p>\r\n\t<\/div>\r\n\t<div class=\"col-md-4 peza senorito2\"><img decoding=\"async\" loading=\"lazy\" class=\"aligncenter wp-image-2433 size-full\" src=\"https:\/\/pazodapena.com\/wp-content\/uploads\/2016\/06\/senorito2-1.jpg\" width=\"566\" height=\"556\" \/><\/div>\r\n<\/div>\r\n\r\n<div class=\"row gris\">\r\n\t<div class=\"col-md-4 peza senorito17\">\r\n\t\t<img decoding=\"async\" loading=\"lazy\" class=\"aligncenter wp-image-2449 size-full\" src=\"https:\/\/pazodapena.com\/wp-content\/uploads\/2016\/06\/senorito17.jpg\" width=\"583\" height=\"559\" \/>\r\n\t<\/div>\r\n\t<div class=\"col-md-4 col-txt\">\r\n\t\t<h3 class=\"centered\">BALC\u00d3N DA PENA ||\u00a0SOLAINA<\/h3>\r\n\t\t<p class=\"centered\">Ao Balc\u00f3n da Pena acc\u00e9dese dende o\u00a0Sal\u00f3n da Pena. Foi constru\u00eddo sobre a\u00a0pena xigante que lle d\u00e1 nome \u00e1 casa,\u00a0dende o cal gozar\u00e1s dunhas marabillosas\u00a0vistas das monta\u00f1as do Macizo Central\u00a0Ourens\u00e1n.<\/p>\r\n\t\t<p class=\"centered\">A solaina, pola s\u00faa parte, \u00e9 un dos\u00a0mellores lugares para relaxarse ao aire\u00a0libre e a mostra da perfecta sinton\u00eda entre\u00a0o pazo e a natureza que o arrodea.<\/p>\r\n\t<\/div>\r\n\t<div class=\"col-md-4 peza senorito16\">\r\n\t\t<img decoding=\"async\" loading=\"lazy\" class=\"aligncenter wp-image-2448 size-full\" src=\"https:\/\/pazodapena.com\/wp-content\/uploads\/2016\/06\/senorito16.jpg\" width=\"585\" height=\"557\" \/>\r\n\t<\/div>\r\n<\/div>\r\n\r\n<div class=\"row gris\">\r\n\t<div class=\"col-md-4 peza senorito4\">\r\n\t\t<img decoding=\"async\" loading=\"lazy\" class=\"aligncenter wp-image-2435 size-full\" src=\"https:\/\/pazodapena.com\/wp-content\/uploads\/2016\/06\/senorito4.jpg\" width=\"585\" height=\"561\" \/>\r\n\t<\/div>\r\n\t<div class=\"col-md-4 col-txt\">\r\n\t\t<h3 class=\"centered\">BIBLIOTECA || SALA DE LECTURA<\/h3>\r\n\t\t<p class=\"centered\">D\u00faas estancias moi diferentes, mais\u00a0\u00e1mbalas d\u00faas son perfectas para relaxarse\u00a0e gozar da lectura.<\/p>\r\n\t\t<p class=\"centered\">Na biblioteca atopar\u00e1s libros centenarios,\u00a0mentres que dende a bela e chea de cor\u00a0Sala da Lectura, poder\u00e1s observar unha\u00a0panor\u00e1mica do Carballo Rebolo m\u00e1is\u00a0grande de Galicia.<\/p>\r\n\t<\/div>\r\n\t<div class=\"col-md-4 peza senorito5\">\r\n\t\t<img decoding=\"async\" loading=\"lazy\" class=\"aligncenter wp-image-2436 size-full\" src=\"https:\/\/pazodapena.com\/wp-content\/uploads\/2016\/06\/senorito5-1.jpg\" width=\"585\" height=\"561\" \/>\r\n\t<\/div>\r\n<\/div>\r\n\r\n<div class=\"row gris\">\r\n\t<div class=\"col-md-8 peza senorito10\">\r\n\t\t<img decoding=\"async\" loading=\"lazy\" class=\"aligncenter wp-image-2442 size-full\" src=\"https:\/\/pazodapena.com\/wp-content\/uploads\/2016\/06\/senorito10.jpg\" width=\"1169\" height=\"553\" \/>\r\n\t<\/div>\r\n\t<div class=\"col-md-4 col-txt\">\r\n\t\t<h3 class=\"centered\">CAPELA<\/h3>\r\n\t\t<p class=\"centered\">Tr\u00e1tase dunha pequena capela adicada \u00e1\u00a0Inmaculada Concepci\u00f3n.<\/p>\r\n\t\t<p class=\"centered\">Integrada na parte nobre do pazo,\u00a0at\u00f3pase sinalizada por unha pequena\u00a0xanela e un front\u00f3n triangular coroado\u00a0cunha cruz cristi\u00e1.<\/p>\r\n\t\t<p class=\"centered\">Ten planta rectangular e conta cun\u00a0retablo barroco do S.XVIII feito a base de\u00a0pan de ouro.<\/p>\r\n\t<\/div>\r\n<\/div>\r\n\r\n<div class=\"row gris\">\r\n\t<div class=\"col-md-4 col-txt\">\r\n\t\t<h3 class=\"centered\">CATACUMBAS<\/h3>\r\n\t\t<p class=\"centered\"><span style=\"line-height: 1.5;\">Dende o Patio do Se\u00f1orito e atravesando\u00a0a lavandar\u00eda, poder\u00e1s acceder a\u00a0estes curiosos e misteriosos compartimentos\u00a0que contan cunhas bufardas para a\u00a0entrada de luz e para defensa. Para poder adentrarte nelas, tan s\u00f3 nolo ter\u00e1s que solicitar.<\/span><\/p>\r\n\t<\/div>\r\n\t<div class=\"col-md-8 peza senorito11\">\r\n\t<img decoding=\"async\" loading=\"lazy\" class=\"aligncenter wp-image-2443 size-full\" src=\"https:\/\/pazodapena.com\/wp-content\/uploads\/2016\/06\/senorito11.jpg\" width=\"1151\" height=\"527\" \/>\r\n\t<\/div>\r\n<\/div>\r\n\r\n<\/div>\r\n\r\n\r\n<div class=\"section-header col-xs-12 centered\" style=\"padding-top: 30px;\">\r\n<div class=\"centered\"><img decoding=\"async\" src=\"https:\/\/pazodapena.com\/wp-content\/uploads\/2016\/01\/senorito-ico-eido.png\" \/><\/div>\r\n<h2>NO EIDO\u00a0DO PAZO<\/h2>\r\n<\/div>\r\n\r\n<div class=\"row blanco\">\r\n<div class=\"col-md-1\"><\/div>\r\n<div class=\"col-md-10\">\r\n<p class=\"centered\">Contamos con m\u00e1is de 10 hect\u00e1reas de eido por descubrir, entre as que se agocha un dos grandes tesouros da natureza da nosa terra e\u00a0diversas construci\u00f3ns senlleiras do rural galego.<\/p>\r\n<\/div>\r\n<\/div>\r\n\r\n<div class=\"mosaico\">\r\n\r\n<div class=\"row gris\">\r\n<div class=\"col-md-4 peza senorito15\"><img decoding=\"async\" loading=\"lazy\" class=\"aligncenter size-full\" src=\"https:\/\/pazodapena.com\/wp-content\/uploads\/senorito15.jpg\" width=\"586\" height=\"568\" \/><\/div>\r\n<div class=\"col-md-4 col-txt\">\r\n<h3 class=\"centered\">REBOLO DA PENA<\/h3>\r\n<p class=\"centered\"><span style=\"line-height: 1.5;\">Unha \u00e1rbore m\u00e1xica que ademais presume\u00a0de ser o exemplar m\u00e1is grande de toda\u00a0Galicia e por iso forma parte do Cat\u00e1logo\u00a0de \u00c1rbores Senlleiras de Galicia.<\/span><\/p>\r\n<\/div>\r\n<div class=\"col-md-4 peza senorito15b\"><img decoding=\"async\" loading=\"lazy\" class=\"aligncenter size-full\" src=\"https:\/\/pazodapena.com\/wp-content\/uploads\/senorito15b.jpg\" width=\"586\" height=\"568\" \/><\/div>\r\n<\/div>\r\n\r\n<div class=\"row gris\">\r\n<div class=\"col-md-4 peza senorito20\"><img decoding=\"async\" loading=\"lazy\" class=\"aligncenter wp-image-2453 size-full\" src=\"https:\/\/pazodapena.com\/wp-content\/uploads\/2016\/06\/senorito20.jpg\" width=\"583\" height=\"551\" \/><\/div>\r\n<div class=\"col-md-4 col-txt\">\r\n<h3 class=\"centered\">ZONAS DE LECER<\/h3>\r\n<p class=\"centered\">Non deixes de pasear polo noso eido\u00a0onde atopar\u00e1s diversos elementos t\u00edpicos\u00a0do rural e orixinarios do pazo. Abof\u00e9 que\u00a0espertar\u00e1n a t\u00faa curiosidade e\u00a0imaxinaci\u00f3n.<\/p>\r\n\r\n<\/div>\r\n<div class=\"col-md-4 peza senorito19\"><img decoding=\"async\" loading=\"lazy\" class=\"aligncenter wp-image-2452 size-full\" src=\"https:\/\/pazodapena.com\/wp-content\/uploads\/2016\/06\/senorito19.jpg\" width=\"585\" height=\"537\" \/><\/div>\r\n<\/div>\r\n<div class=\"row gris\">\r\n<div class=\"col-md-4 col-txt\">\r\n<h3 class=\"centered\">A MINA DE AUGA (A COVA)<\/h3>\r\n<p class=\"centered\"><span style=\"line-height: 1.5;\">Totalmente restaurada e en\u00a0funcionamento. Poder\u00e1s acceder \u00e1\u00a0mesma por unha porta que che\u00a0conducir\u00e1 a trav\u00e9s dun t\u00fanel iluminado\u00a0que atopar\u00e1s doadamente na parte alta\u00a0da leira.<\/span><\/p>\r\n\r\n<\/div>\r\n<div class=\"col-md-8 peza senorito18\"><img decoding=\"async\" loading=\"lazy\" class=\"aligncenter wp-image-2450 size-full\" src=\"https:\/\/pazodapena.com\/wp-content\/uploads\/2016\/06\/senorito18.jpg\" width=\"1167\" height=\"560\" \/><\/div>\r\n<\/div>\r\n<div class=\"row gris\">\r\n<div class=\"col-md-4 peza senorito13\"><img decoding=\"async\" loading=\"lazy\" class=\"aligncenter wp-image-2445 size-full\" src=\"https:\/\/pazodapena.com\/wp-content\/uploads\/2016\/06\/senorito13.jpg\" width=\"585\" height=\"563\" \/><\/div>\r\n<div class=\"col-md-4 col-txt\">\r\n<h3 class=\"centered\">EXPOSICI\u00d3NS ETNOGR\u00c1FICAS<\/h3>\r\n<p class=\"centered\">Ubicadas en cadans\u00faa construci\u00f3n independente do edificio principal, esta rede de exposici\u00f3ns adicadas aos catro labores labregos con maior arraigamento na zona, permitiranche achegarte \u00e1 nosa tradici\u00f3n cultural.<\/p>\r\n<br>\r\n<p class=\"centered\"><b>O TEAR<\/b><\/p>\r\n<p class=\"centered\"><b>A ADEGA<\/b><\/p>\r\n<p class=\"centered\"><b>A CARPINTAR\u00cdA<\/b><\/p>\r\n<p class=\"centered\"><b>A PALLEIRA<\/b><\/p>\r\n<a class=\"info_icon\" style=\"text-align: right; padding-right: 10px;\" href=\"\/exposicions-etnograficas\/\"><img decoding=\"async\" src=\"https:\/\/pazodapena.com\/wp-content\/uploads\/images\/info.png\" \/><\/a>\r\n\r\n<\/div>\r\n<div class=\"col-md-4 peza senorito14\"><img decoding=\"async\" loading=\"lazy\" class=\"aligncenter wp-image-2446 size-full\" src=\"https:\/\/pazodapena.com\/wp-content\/uploads\/2016\/06\/senorito14.jpg\" width=\"582\" height=\"562\" \/><\/div>\r\n<\/div>\r\n<div class=\"row gris\">\r\n<div class=\"col-md-8 peza senorito21\"><img decoding=\"async\" loading=\"lazy\" class=\"aligncenter wp-image-2454 size-full\" src=\"https:\/\/pazodapena.com\/wp-content\/uploads\/2016\/06\/senorito21.jpg\" width=\"1167\" height=\"560\" \/><\/div>\r\n<div class=\"col-md-4 col-txt\">\r\n<h3 class=\"centered\">AGRICULTURA ECOL\u00d3XICA<\/h3>\r\n<p class=\"centered\">No eido atopar\u00e1s a nosa horta ecol\u00f3xica\u00a0de onde saen, por exemplo, as deliciosas\u00a0marmeladas do almorzo ou as famosas\u00a0maz\u00e1s da Pena, se tes a sorte de que che\u00a0cadre na tempada.<\/p>\r\n<p class=\"centered\">Tam\u00e9n, a tan s\u00f3 4\u00a0km\u00a0do pazo sit\u00faanse os dous vi\u00f1edos hist\u00f3ricos\u00a0da casa, onde a\u00ednda resisten as antigas\u00a0cepas dispostas en estreitos socalcos,\u00a0algo moi caracter\u00edstico de toda a\u00a0Ribeira Sacra, que seguimos a traballar\u00a0artesanalmente e ecoloxicamente para\u00a0producir un menc\u00eda e un godello, na\u00a0Adega propia do Pazo da Pena.<\/p>\r\n\r\n<\/div>\r\n<\/div>\r\n<\/div>\r\n<div style=\"padding-top: 55px;\">\r\n<h3 class=\"centered\">PASA E\u00a0OLLA POR TI MESM@!<\/h3>\r\n<p class=\"centered\">Descubre os recunchos que acollen os muros e piares deste pazo de conto.<\/p>\r\n\r\n\r\n<div class=\"row\">\r\n<div class=\"col-md-1\"><\/div>\r\n<div class=\"col-md-10\">\r\n<iframe loading=\"lazy\" style=\"border: 0;\" src=\"https:\/\/www.google.com\/maps\/embed?pb=!1m0!3m2!1ses!2sus!4v1473667955092!6m8!1m7!1svjZS9R16yRQAAAQ1mHHp8A!2m2!1d42.30369736246184!2d-7.238485951409757!3f140.72!4f0!5f0.7820865974627469\" width=\"100%\" height=\"450\" frameborder=\"0\" allowfullscreen=\"allowfullscreen\"><\/iframe>\r\n<\/div>\r\n<\/div>\r\n\r\n<\/div>\r\n<div style=\"padding-top: 55px;\"><div class=\"row\">\r\n<div class=\"col-md-12 \">\r\n<a href=\"\/PlanosPazodaPenaManzaneda.pdf\" target=\"_blank\" rel=\"noopener noreferrer\">\r\n<img loading=\"lazy\" class=\"aligncenter size-full wp-image-2183\" src=\"https:\/\/pazodapena.com\/wp-content\/uploads\/2016\/planospazo2.jpg\" alt=\"Planos do pazo\" width=\"2500\" height=\"294\" \/>\r\n<\/a>\r\n<\/div>\r\n<\/div><\/div>\r\n<div style=\"padding-top: 30px;\"><div class=\"row\">\r\n<div class=\"col-md-1 \">\r\n<\/div>\r\n<div class=\"col-md-5 \">\r\n<a href=\"\/acougo\/\">\r\n<img loading=\"lazy\" class=\"aligncenter wp-image-3050 size-full\" src=\"https:\/\/pazodapena.com\/wp-content\/uploads\/banners\/banner-cuartos.jpg\" width=\"750\" height=\"404\" \/>\r\n<\/a>\r\n<\/div><div class=\"col-md-5 \">\r\n<a href=\"\/nos-arredores\/\">\r\n<img loading=\"lazy\" class=\"aligncenter wp-image-3051 size-full\" src=\"https:\/\/pazodapena.com\/wp-content\/uploads\/banners\/banner-lecer_arredores.jpg\" width=\"750\" height=\"404\" \/>\r\n<\/a>\r\n<\/div>\r\n<\/div><\/div>","protected":false},"excerpt":{"rendered":"<p>O edificio que alberga o Pazo da Pena \u00e9 unha antiga casa se\u00f1orial coidadosamente restaurada con agarimo e elegancia, dotada coas\u00a0mellores e m\u00e1is modernas instalaci\u00f3ns. No interior do pazo Disp\u00f3s de m\u00e1is de 700m2 de \u00e1reas com\u00fans por descubrir, onde &hellip; <a href=\"https:\/\/pazodapena.com\/gl\/nas-terras-do-senorito\/\">Ler m\u00e1is<\/a><\/p>\n","protected":false},"author":1,"featured_media":0,"parent":0,"menu_order":0,"comment_status":"closed","ping_status":"closed","template":"","meta":{"footnotes":""},"_links":{"self":[{"href":"https:\/\/pazodapena.com\/gl\/wp-json\/wp\/v2\/pages\/2159"}],"collection":[{"href":"https:\/\/pazodapena.com\/gl\/wp-json\/wp\/v2\/pages"}],"about":[{"href":"https:\/\/pazodapena.com\/gl\/wp-json\/wp\/v2\/types\/page"}],"author":[{"embeddable":true,"href":"https:\/\/pazodapena.com\/gl\/wp-json\/wp\/v2\/users\/1"}],"replies":[{"embeddable":true,"href":"https:\/\/pazodapena.com\/gl\/wp-json\/wp\/v2\/comments?post=2159"}],"version-history":[{"count":10,"href":"https:\/\/pazodapena.com\/gl\/wp-json\/wp\/v2\/pages\/2159\/revisions"}],"predecessor-version":[{"id":5033,"href":"https:\/\/pazodapena.com\/gl\/wp-json\/wp\/v2\/pages\/2159\/revisions\/5033"}],"wp:attachment":[{"href":"https:\/\/pazodapena.com\/gl\/wp-json\/wp\/v2\/media?parent=2159"}],"curies":[{"name":"wp","href":"https:\/\/api.w.org\/{rel}","templated":true}]}}