{"id":2353,"date":"2016-06-20T14:04:41","date_gmt":"2016-06-20T14:04:41","guid":{"rendered":"http:\/\/v2.pazodapenamanzaneda.com\/?page_id=2353"},"modified":"2019-11-05T10:28:26","modified_gmt":"2019-11-05T10:28:26","slug":"exposicions-etnograficas","status":"publish","type":"page","link":"https:\/\/pazodapena.com\/gl\/exposicions-etnograficas\/","title":{"rendered":"Exposici\u00f3ns Etnogr\u00e1ficas"},"content":{"rendered":"<div class=\"row\">\r\n<div class=\"col-md-1\"><\/div>\r\n<div class=\"col-md-10\">\r\n<p class=\"centered\">O Pazo da Pena conta cunha serie de edificaci\u00f3ns auxiliares que estiveron adicadas aos oficios ou tarefas tradicionais e com\u00fans do rural galego: a adega, o tear, a carpintar\u00eda e a palleira.<\/p>\r\n<p class=\"centered\">Dentro do proxecto de rehabilitaci\u00f3n do pazo, lev\u00e1ronse a cabo diversas actuaci\u00f3ns encami\u00f1adas a recuperar ditas edificaci\u00f3ns que se atopaban nun avanzado estado de deterioraci\u00f3n debido ao desuso e abandono dende xa fac\u00eda moitos anos. Hoxe, exp\u00f3\u00f1ense, por \u00e1reas tem\u00e1ticas, apeiros e \u00fatiles de cada un dos oficios tradicionais que al\u00ed se desenvolv\u00edan.<\/p>\r\n<\/div>\r\n<\/div>\r\n\r\n<h3 class=\"centered\">Unha achega \u00e1 tradici\u00f3n rural galega<\/h3>\r\n<div class=\"mosaico\">\r\n\r\n<div class=\"row verde\"> \r\n<div class=\"col-md-4 col-verde col-txt\">\r\n<h3 class=\"centered white\">A PALLEIRA<\/h3>\r\n<p class=\"centered\">Moi t\u00edpica na arquitectura popular galega. Tr\u00e1tase dunha construci\u00f3n en perpia\u00f1os de granito duns 250m2. Nela almacen\u00e1base herba seca ou palla, as\u00ed coma ferramentas de labranza.<\/p>\r\n<p class=\"centered\"> Aqu\u00ed atopar\u00e1s unha gran exposici\u00f3n de antigos apeiros e outros obxectos curiosos e de interese que se atoparon no pazo.<\/p><\/div>\r\n<div class=\"col-md-8 peza exposicion1\"><img decoding=\"async\" loading=\"lazy\" class=\"aligncenter wp-image-2529 size-full\" src=\"https:\/\/pazodapena.com\/wp-content\/uploads\/2016\/06\/exposicion1.jpg\" width=\"1142\" height=\"610\" \/><\/div>\r\n<\/div>\r\n\r\n<div class=\"row uva\"> \r\n<div class=\"col-md-4 peza exposicion2\"><img decoding=\"async\" loading=\"lazy\" class=\"aligncenter wp-image-2609 size-full\" src=\"https:\/\/pazodapena.com\/wp-content\/uploads\/2016\/06\/exposicion2-1.jpg\" width=\"568\" height=\"611\" \/><\/div>\r\n\r\n<div class=\"col-md-4 col-uva col-txt\">\r\n<h3 class=\"centered white\">A ADEGA<\/h3>\r\n<p class=\"centered\">Fermoso edificio de m\u00e1is de 200m2, constru\u00edda en pedra e madeira. A s\u00faa porta de entrada presenta o enreixado enxebre das adegas en cor vermella. No seu interior, poder\u00e1s ollar unha pequena exposici\u00f3n sobre a tradici\u00f3n vit\u00edcola da zona e antigos recipientes relacionados coa produci\u00f3n de vi\u00f1o ori\u00fandos da adega do pazo.<\/p>\r\n<p class=\"centered\">Na actualidade, recuperamos a tradici\u00f3n e seguimos a producir vi\u00f1o e licores nela a partir da uva procedente das vi\u00f1as en forte pendente, moi caracter\u00edstico da Ribeira Sacra, tam\u00e9n orixinarias do pazo, mediante cultivo ecol\u00f3xico certificado no Val do Bibei.<\/p><\/div>\r\n<div class=\"col-md-4 peza exposicion3\"><img decoding=\"async\" loading=\"lazy\" class=\"aligncenter wp-image-2531 size-full\" src=\"https:\/\/pazodapena.com\/wp-content\/uploads\/2016\/06\/exposicion3.jpg\" width=\"570\" height=\"610\" \/><\/div>\r\n<\/div>\r\n\r\n<div class=\"row vermello\"> \r\n<div class=\"col-md-8 peza exposicion4\"><img decoding=\"async\" loading=\"lazy\" class=\"aligncenter wp-image-2532 size-full\" src=\"https:\/\/pazodapena.com\/wp-content\/uploads\/2016\/06\/exposicion4.jpg\" width=\"1182\" height=\"609\" \/><\/div>\r\n<div class=\"col-md-4 col-vermello col-txt\">\r\n<h3 class=\"centered white\">A CARPINTAR\u00cdA<\/h3>\r\n<p class=\"centered\">Antigamente, era habitual que os pazos galegos contaran cunha pequena carpintar\u00eda, tanto para o arranxo e mantemento do pazo, como para a fabricaci\u00f3n de mobles, alg\u00fans dos cales podemos desfrutar no pazo a\u00ednda hoxe. Al\u00e9n da carpintar\u00eda, at\u00e9 os nosos d\u00edas chegaron numerosos utensilios como o banco de carpinteiro, accesorios de suxeici\u00f3n e gu\u00edas e outras ferramentas empregadas neste nobre oficio que conta con gran tradici\u00f3n na zona.<\/p><\/div>\r\n<\/div>\r\n\r\n<div class=\"row azul\"> \r\n<div class=\"col-md-4 col-azul col-txt\">\r\n<h3 class=\"centered white\">O TEAR<\/h3>\r\n<p class=\"centered\">O tear do pazo empregouse como un pequeno obradoiro t\u00e9xtil, para a confecci\u00f3n de diversos tipos de prendas de roupa, manteis e colchas, entre outros, a partir de materiais como a l\u00e1 ou o li\u00f1o. Teares manuais coma este, totalmente rehabilitado, exist\u00edan en todas as aldeas galegas nos s\u00e9culos XVII e XVIII. Daquela, os fiadeiros convert\u00edanse, ap\u00f3s da xornada laboral, en lugares de algueirada onde se cantaba, bailaba e beb\u00eda vi\u00f1o, motivo polo cal o clero rural censuraba as desordes morais que ocasionaban as tradicionais fiadas.<\/p><\/div>\r\n<div class=\"col-md-8 peza exposicion5\"><img decoding=\"async\" loading=\"lazy\" class=\"aligncenter wp-image-2533 size-full\" src=\"https:\/\/pazodapena.com\/wp-content\/uploads\/2016\/06\/exposicion5.jpg\" width=\"1140\" height=\"609\" \/><\/div>\r\n<\/div>\r\n\r\n<\/div>\r\n\r\n<div style=\"padding-top: 30px;\"><div class=\"row\">\r\n<div class=\"col-md-4 \"><\/div>\r\n\r\n<div class=\"col-md-4 \">\r\n<div class=\"centered\"><a href=\"#\" onclick=\"window.history.back();\">\r\n<img decoding=\"async\" loading=\"lazy\" class=\"aligncenter size-full wp-image-2611\" src=\"https:\/\/pazodapena.com\/wp-content\/uploads\/images\/volver.png\" alt=\"volver\" width=\"54\" height=\"51\" \/>\r\n<h3>VOLTAR ATR\u00c1S<\/h3><\/a>\r\n<\/div>\r\n<\/div>\r\n\r\n\r\n<\/div>","protected":false},"excerpt":{"rendered":"<p>O Pazo da Pena conta cunha serie de edificaci\u00f3ns auxiliares que estiveron adicadas aos oficios ou tarefas tradicionais e com\u00fans do rural galego: a adega, o tear, a carpintar\u00eda e a palleira. Dentro do proxecto de rehabilitaci\u00f3n do pazo, lev\u00e1ronse &hellip; <a href=\"https:\/\/pazodapena.com\/gl\/exposicions-etnograficas\/\">Ler m\u00e1is<\/a><\/p>\n","protected":false},"author":1,"featured_media":0,"parent":0,"menu_order":0,"comment_status":"closed","ping_status":"closed","template":"","meta":{"footnotes":""},"_links":{"self":[{"href":"https:\/\/pazodapena.com\/gl\/wp-json\/wp\/v2\/pages\/2353"}],"collection":[{"href":"https:\/\/pazodapena.com\/gl\/wp-json\/wp\/v2\/pages"}],"about":[{"href":"https:\/\/pazodapena.com\/gl\/wp-json\/wp\/v2\/types\/page"}],"author":[{"embeddable":true,"href":"https:\/\/pazodapena.com\/gl\/wp-json\/wp\/v2\/users\/1"}],"replies":[{"embeddable":true,"href":"https:\/\/pazodapena.com\/gl\/wp-json\/wp\/v2\/comments?post=2353"}],"version-history":[{"count":2,"href":"https:\/\/pazodapena.com\/gl\/wp-json\/wp\/v2\/pages\/2353\/revisions"}],"predecessor-version":[{"id":5023,"href":"https:\/\/pazodapena.com\/gl\/wp-json\/wp\/v2\/pages\/2353\/revisions\/5023"}],"wp:attachment":[{"href":"https:\/\/pazodapena.com\/gl\/wp-json\/wp\/v2\/media?parent=2353"}],"curies":[{"name":"wp","href":"https:\/\/api.w.org\/{rel}","templated":true}]}}