{"id":2728,"date":"2016-07-18T15:21:19","date_gmt":"2016-07-18T15:21:19","guid":{"rendered":"http:\/\/v2.pazodapenamanzaneda.com\/?page_id=2728"},"modified":"2019-10-28T08:37:16","modified_gmt":"2019-10-28T08:37:16","slug":"localizacion","status":"publish","type":"page","link":"https:\/\/pazodapena.com\/gl\/localizacion\/","title":{"rendered":"Localizaci\u00f3n"},"content":{"rendered":"<div class=\"row\">\r\n<div class=\"col-md-1\"><\/div>\r\n<div class=\"col-md-10\">\r\n<div class=\"section-header col-xs-12 centered\">\r\n<h2>U-LO PAZO DA PENA?<\/h2>\r\n<\/div>\r\n\r\n<p class=\"centered\">O Pazo da Pena at\u00f3pase integrado no miolo da alde\u00ed\u00f1a de Rozavales, pertencente \u00e1 vila ourens\u00e1 de Manzaneda, na fermosa Ribeira\r\nSacra do Bibei, comarca da Terra de Trives.<\/p>\r\n<\/div>\r\n<\/div>\r\n\r\n<div class=\"row\">\r\n<div class=\"col-md-2\"><\/div>\r\n<div class=\"col-md-8\">\r\n\r\n<div class=\"row\">\r\n<div class=\"col-md-4\">\r\n<p class=\"centered\">ENDEREZO<br>\u201cLugar da Pena\u201d-Rozavales<br>Manzaneda-Ourense<\/p>\r\n<\/div>\r\n<div class=\"col-md-4\">\r\n<p class=\"centered\">\r\n<a href=\"\/contacto\/\" target='_self' class=\"btn btn-default btn-large  \"        >CONTACTA CONNOSCO<\/a>\r\n<\/p>\r\n<\/div>\r\n<div class=\"col-md-4\">\r\n<p class=\"centered\">COORDENADAS<br>42\u00ba18\u00b413.68\u00b4\u00b4N-7\u00ba14\u00b416.8\u00b4\u00b4O<br>42.3038,-7.238<\/p>\r\n<\/div>\r\n<div class=\"col-md-2\"><\/div>\r\n<\/div>\r\n\r\n<\/div>\r\n<\/div>\r\n\r\n<div class=\"row\" style=\"padding-top:45px;\">\r\n<div class=\"col-md-1\"><\/div>\r\n<div class=\"col-md-10 centered\">\r\n<div class=\"section-header col-xs-12 centered\">\r\n<h2>Local\u00edzanos no Google Maps<\/h2>\r\n<\/div>\r\n\r\n\r\n<iframe loading=\"lazy\" src=\"https:\/\/www.google.com\/maps\/embed?pb=!1m14!1m8!1m3!1d737.7047711365545!2d-7.238579!3d42.3037256!3m2!1i1024!2i768!4f13.1!3m3!1m2!1s0x0%3A0xc49218f119e88bf9!2sPazo+da+Pena+Manzaneda.+Alojamiento+de+lujo+rural+en+la+monta%C3%B1a+gallega!5e0!3m2!1ses!2ses!4v1499771006935\" width=\"100%\" height=\"300\" frameborder=\"0\" style=\"border:0\" allowfullscreen><\/iframe><\/div>\r\n<\/div>\r\n\r\n<p>&nbsp;<\/p>\r\n<div class=\"row\">\r\n<div class=\"col-md-12\">\r\n<h4 class=\"centered\">Atop\u00e1monos a tan s\u00f3 &#8230;<\/h4>\r\n<\/div>\r\n<\/div>\r\n<p>&nbsp;<\/p>\r\n<div class=\"row\">\r\n<div class=\"col-md-1\"><\/div>\r\n<div class=\"col-md-10\">\r\n<div class=\"row\">\r\n<div class=\"col-md-3\"><i class=\"fa fa-map-marker fa-2x\"><\/i> 75 km de Ourense<\/div>\r\n<div class=\"col-md-3\"><i class=\"fa fa-map-marker fa-2x\"><\/i> 175 km de Santiago\u00a0de Compostela<\/div>\r\n<div class=\"col-md-3\"><i class=\"fa fa-map-marker fa-2x\"><\/i> 85 km de Ponferrada<\/div>\r\n<div class=\"col-md-3\"><i class=\"fa fa-map-marker fa-2x\"><\/i> 225 km de Braga<\/div>\r\n<\/div>\r\n<div class=\"row\">\r\n<div class=\"col-md-3\"><i class=\"fa fa-map-marker fa-2x\"><\/i> 115 km de Lugo<\/div>\r\n<div class=\"col-md-3\"><i class=\"fa fa-map-marker fa-2x\"><\/i> 190 km de Pontevedra<\/div>\r\n<div class=\"col-md-3\"><i class=\"fa fa-map-marker fa-2x\"><\/i> 440 km de Madrid<\/div>\r\n<div class=\"col-md-3\"><i class=\"fa fa-map-marker fa-2x\"><\/i> 240 km de Viana do Castelo<\/div>\r\n<\/div>\r\n<div class=\"row\">\r\n<div class=\"col-md-3\"><i class=\"fa fa-map-marker fa-2x\"><\/i> 170 km de Vigo<\/div>\r\n<div class=\"col-md-3\"><i class=\"fa fa-map-marker fa-2x\"><\/i> 200 km de A Coru\u00f1a<\/div>\r\n<div class=\"col-md-3\"><i class=\"fa fa-map-marker fa-2x\"><\/i> 165 km de Vila Real<\/div>\r\n<div class=\"col-md-3\"><i class=\"fa fa-map-marker fa-2x\"><\/i> 250 km de Porto<\/div>\r\n<\/div>\r\n<\/div>\r\n<\/div>","protected":false},"excerpt":{"rendered":"<p>U-LO PAZO DA PENA? O Pazo da Pena at\u00f3pase integrado no miolo da alde\u00ed\u00f1a de Rozavales, pertencente \u00e1 vila ourens\u00e1 de Manzaneda, na fermosa Ribeira Sacra do Bibei, comarca da Terra de Trives. ENDEREZO\u201cLugar da Pena\u201d-RozavalesManzaneda-Ourense COORDENADAS42\u00ba18\u00b413.68\u00b4\u00b4N-7\u00ba14\u00b416.8\u00b4\u00b4O42.3038,-7.238 Local\u00edzanos no Google &hellip; <a href=\"https:\/\/pazodapena.com\/gl\/localizacion\/\">Ler m\u00e1is<\/a><\/p>\n","protected":false},"author":1,"featured_media":0,"parent":0,"menu_order":0,"comment_status":"closed","ping_status":"closed","template":"","meta":{"footnotes":""},"_links":{"self":[{"href":"https:\/\/pazodapena.com\/gl\/wp-json\/wp\/v2\/pages\/2728"}],"collection":[{"href":"https:\/\/pazodapena.com\/gl\/wp-json\/wp\/v2\/pages"}],"about":[{"href":"https:\/\/pazodapena.com\/gl\/wp-json\/wp\/v2\/types\/page"}],"author":[{"embeddable":true,"href":"https:\/\/pazodapena.com\/gl\/wp-json\/wp\/v2\/users\/1"}],"replies":[{"embeddable":true,"href":"https:\/\/pazodapena.com\/gl\/wp-json\/wp\/v2\/comments?post=2728"}],"version-history":[{"count":3,"href":"https:\/\/pazodapena.com\/gl\/wp-json\/wp\/v2\/pages\/2728\/revisions"}],"predecessor-version":[{"id":5003,"href":"https:\/\/pazodapena.com\/gl\/wp-json\/wp\/v2\/pages\/2728\/revisions\/5003"}],"wp:attachment":[{"href":"https:\/\/pazodapena.com\/gl\/wp-json\/wp\/v2\/media?parent=2728"}],"curies":[{"name":"wp","href":"https:\/\/api.w.org\/{rel}","templated":true}]}}