{"id":2731,"date":"2016-07-19T08:55:56","date_gmt":"2016-07-19T08:55:56","guid":{"rendered":"http:\/\/v2.pazodapenamanzaneda.com\/?page_id=2731"},"modified":"2021-10-06T12:20:56","modified_gmt":"2021-10-06T12:20:56","slug":"nos-arredores","status":"publish","type":"page","link":"https:\/\/pazodapena.com\/gl\/nos-arredores\/","title":{"rendered":"Nos Arredores"},"content":{"rendered":"<div class=\"row\">\r\n<div class=\"col-md-1\"><\/div>\r\n<div class=\"col-md-10\">\r\n<p class=\"centered\">O Pazo da Pena pres\u00e9ntase como o lugar perfecto para os amantes do rural e da natureza, do sendeirismo e do enoturismo, e por suposto, para os que gozan descubrindo m\u00e1is restos do legado da prehistoria e da cultura celta, m\u00e1is obras de enxe\u00f1ar\u00eda romana e medieval, e como non, explorando e co\u00f1ecendo m\u00e1is patrimonio relixioso-art\u00edstico, como o que agochan e defenden as nosas monta\u00f1as.<\/p>\r\n<a href=\"javascript:void(0);\" role=\"button\" id=\"button\" data-toggle=\"collapse\" data-target=\"#trivesinfo\" aria-expanded=\"false\">\r\n<div class=\"arredores\"><img decoding=\"async\" class=\"full-width centered wp-image-3592\" src=\"https:\/\/pazodapena.com\/wp-content\/uploads\/2016\/01\/terradetrives.png\" alt=\"\" width=\"100%\" \/>\r\n<div class=\"title\"><b>TERRA DE TRIVES<\/b>\r\nO desco\u00f1ecido oriente ourens\u00e1n<\/div>\r\n<div class=\"collapse-link\"><\/div>\r\n<\/div>\r\n<\/a>\r\n<div id=\"trivesinfo\" class=\"collapse\" style=\"padding-bottom: 20px;\" aria-expanded=\"false\">\r\n<p class=\"centered\">O territorio da comarca trivesa ocupa unha boa parte do Macizo Central Ourens\u00e1n, o segundo espazo protexido m\u00e1is grande de Galicia. Tupidas fragas de \u00e1rbores aut\u00f3ctonas arroupan alde\u00ed\u00f1as de conto, acubillan as pegadas de civilizaci\u00f3ns antigas, defenden as s\u00faas obras, e explican que a comarca fose un importante centro de xuntanza da nobreza galega, ao seren testemu\u00f1as da s\u00faa beleza e da claridade do ar que aqu\u00ed se respira.<\/p>\r\n<p class=\"centered\"><b>LUGARES M\u00c1IS DESTAC\u00c1BEIS<\/b><\/p>\r\n\r\n<div class=\"row trives_icons\">\r\n<div class=\"col-md-6\"><img decoding=\"async\" src=\"https:\/\/pazodapena.com\/wp-content\/uploads\/2016\/01\/trives1.png\" alt=\"\" \/>Vila medieval de Manzaneda\r\n\r\n<\/div>\r\n<div class=\"col-md-6\"><img decoding=\"async\" src=\"https:\/\/pazodapena.com\/wp-content\/uploads\/2016\/01\/trives5.png\" alt=\"\" \/>Pontes romanas da V\u00eda Nova sobre os r\u00edos Bibei, Cabalar e Navea\r\n\r\n<\/div>\r\n<\/div>\r\n<div class=\"row trives_icons\">\r\n<div class=\"col-md-6\"><img decoding=\"async\" src=\"https:\/\/pazodapena.com\/wp-content\/uploads\/2016\/01\/trives2.png\" alt=\"\" \/>Casti\u00f1eiro de Pombari\u00f1os no Souto de Rozavales\r\n\r\n<\/div>\r\n<div class=\"col-md-6\"><img decoding=\"async\" src=\"https:\/\/pazodapena.com\/wp-content\/uploads\/2016\/01\/trives6.png\" alt=\"\" \/>Vila tur\u00edstica A Pobra de Trives\r\n\r\n<\/div>\r\n<\/div>\r\n<div class=\"row trives_icons\">\r\n<div class=\"col-md-6\"><img decoding=\"async\" src=\"https:\/\/pazodapena.com\/wp-content\/uploads\/2016\/01\/trives3.png\" alt=\"\" \/>Aldea e Santuario barroco de As Ermidas\r\n\r\n<\/div>\r\n<div class=\"col-md-6\"><img decoding=\"async\" src=\"https:\/\/pazodapena.com\/wp-content\/uploads\/2016\/01\/trives7.png\" alt=\"\" \/>Miradoiro pintoresco de Pena Folenche e os seus sequeiros\r\n\r\n<\/div>\r\n<\/div>\r\n<div class=\"row trives_icons\">\r\n<div class=\"col-md-6\"><img decoding=\"async\" src=\"https:\/\/pazodapena.com\/wp-content\/uploads\/2016\/01\/trives4.png\" alt=\"\" \/>Mosteiro de San Salvador de Sobrado do S.XI\r\n\r\n<\/div>\r\n<div class=\"col-md-6\"><img decoding=\"async\" src=\"https:\/\/pazodapena.com\/wp-content\/uploads\/2016\/01\/trives8.png\" alt=\"\" \/>T\u00fanel romano de Montefurado\r\n\r\n<\/div>\r\n<\/div>\r\n<p class=\"centered mapa_virtual\" style=\"padding-top: 40px;\"><a href=\"https:\/\/www.google.com\/maps\/d\/viewer?hl=es&amp;mid=12qM6RZnmwUYOnlqjAP0f0n2zDE4&amp;ll=42.307201311297064%2C-7.240844609178339&amp;z=16\" target=\"_blank\" rel=\"noopener noreferrer\">\r\n<img decoding=\"async\" src=\"https:\/\/pazodapena.com\/wp-content\/uploads\/mapa-virtual2.png\" alt=\"\" \/><\/a><\/p>\r\n<a href=\"javascript:void(0);\" role=\"button\" id=\"button\" data-toggle=\"collapse\" data-target=\"#trivesinfo\" aria-expanded=\"false\">\r\n<div class=\"arredores\">\r\n<div class=\"collapse-close\"><\/div>\r\n<\/div>\r\n<\/a>\r\n\r\n<\/div>\r\n<a href=\"javascript:void(0);\" role=\"button\" id=\"button\" data-toggle=\"collapse\" data-target=\"#manzanedainfo\" aria-expanded=\"false\">\r\n<div class=\"arredores\"><img decoding=\"async\" class=\"full-width centered wp-image-3592\" src=\"https:\/\/pazodapena.com\/wp-content\/uploads\/2016\/01\/cabezamanzaneda.png\" alt=\"\" width=\"100%\" \/>\r\n<div class=\"title\"><b>CABEZA DE MANZANEDA<\/b>\r\n\u00danica estaci\u00f3n de monta\u00f1a en Galicia<\/div>\r\n<div class=\"collapse-link\"><\/div>\r\n<\/div>\r\n<\/a>\r\n<div id=\"manzanedainfo\" class=\"collapse\" style=\"padding-bottom: 20px;\">\r\n<p class=\"centered\">Estaci\u00f3n de esqu\u00ed e monta\u00f1a tur\u00edstico-deportiva en funcionamento durante todo o ano, situada no cume m\u00e1is alto do Macizo Central Ourens\u00e1n,\r\nna Cabeza Grande de Manzaneda con 1778m. At\u00f3pase inmersa nun gran pi\u00f1eiral de m\u00e1is de 2.000 hect\u00e1reas, dot\u00e1ndoa dunha incr\u00edbel beleza,\r\nespecialmente no inverno. Foi unha das primeiras estaci\u00f3ns de esqu\u00ed de Espa\u00f1a en apostar pola desestacionalizaci\u00f3n e ofrecer un amplo abano\r\nde actividades para gozar da monta\u00f1a en t\u00f3dalas \u00e9pocas do ano.<\/p>\r\n<p class=\"centered\"><b>ACTIVIDADES E INSTALACI\u00d3NS PARA DESFRUTAR EN FAMILIA<\/b><\/p>\r\n\r\n<div class=\"row manzaneda_icons\">\r\n<div class=\"col-md-12\">\r\n<ul class=\"list-inline row\">\r\n \t<li class=\"col-sm-4\">\r\n<div class=\"col-sm-4 arre_icon arre_azul centered\"><img decoding=\"async\" loading=\"lazy\" class=\"aligncenter size-full\" src=\"https:\/\/pazodapena.com\/wp-content\/uploads\/2016\/01\/manzaneda1.png\" alt=\"\" width=\"255\" height=\"209\" \/>Deportes de neve\r\n\r\n<\/div>\r\n<div class=\"col-sm-4 arre_icon arre_azul centered\"><img decoding=\"async\" loading=\"lazy\" class=\"aligncenter size-full\" src=\"https:\/\/pazodapena.com\/wp-content\/uploads\/2016\/01\/manzaneda2.png\" alt=\"\" width=\"255\" height=\"209\" \/>BTT\r\n\r\n<\/div>\r\n<div class=\"col-sm-4 arre_icon arre_azul centered\"><img decoding=\"async\" loading=\"lazy\" class=\"aligncenter size-full\" src=\"https:\/\/pazodapena.com\/wp-content\/uploads\/2016\/01\/manzaneda3.png\" alt=\"\" width=\"255\" height=\"209\" \/>Quads\r\n\r\n<\/div><\/li>\r\n \t<li class=\"col-sm-4\">\r\n<div class=\"col-sm-4 arre_icon arre_azul centered\"><img decoding=\"async\" loading=\"lazy\" class=\"aligncenter size-full\" src=\"https:\/\/pazodapena.com\/wp-content\/uploads\/2016\/01\/manzaneda4.png\" alt=\"\" width=\"255\" height=\"209\" \/>Roc\u00f3dromo\r\n\r\n<\/div>\r\n<div class=\"col-sm-4 arre_icon arre_azul centered\"><img decoding=\"async\" loading=\"lazy\" class=\"aligncenter size-full\" src=\"https:\/\/pazodapena.com\/wp-content\/uploads\/2016\/01\/manzaneda5.png\" alt=\"\" width=\"255\" height=\"209\" \/>Pistas de Tenis\r\n\r\n<\/div>\r\n<div class=\"col-sm-4 arre_icon arre_azul centered\"><img decoding=\"async\" loading=\"lazy\" class=\"aligncenter size-full\" src=\"https:\/\/pazodapena.com\/wp-content\/uploads\/2016\/01\/manzaneda6.png\" alt=\"\" width=\"255\" height=\"209\" \/>Pista polideportiva exterior\r\n\r\n<\/div><\/li>\r\n \t<li class=\"col-sm-4\">\r\n<div class=\"col-sm-4 arre_icon arre_azul centered\"><img decoding=\"async\" loading=\"lazy\" class=\"aligncenter size-full\" src=\"https:\/\/pazodapena.com\/wp-content\/uploads\/2016\/01\/manzaneda7.png\" alt=\"\" width=\"255\" height=\"209\" \/>Piscina climatizada\r\n\r\n<\/div>\r\n<div class=\"col-sm-4 arre_icon arre_azul centered\"><img decoding=\"async\" loading=\"lazy\" class=\"aligncenter size-full\" src=\"https:\/\/pazodapena.com\/wp-content\/uploads\/2016\/01\/manzaneda8.png\" alt=\"\" width=\"255\" height=\"209\" \/>Sendeirismo\r\n\r\n<\/div>\r\n<div class=\"col-sm-4 arre_icon arre_azul centered\"><img decoding=\"async\" loading=\"lazy\" class=\"aligncenter size-full\" src=\"https:\/\/pazodapena.com\/wp-content\/uploads\/2016\/01\/manzaneda9.png\" alt=\"\" width=\"255\" height=\"209\" \/>Tirolina\r\n\r\n<\/div><\/li>\r\n<\/ul>\r\n<ul class=\"list-inline row\">\r\n \t<li class=\"col-sm-4\">\r\n<div class=\"col-sm-4 arre_icon arre_azul centered\"><img decoding=\"async\" loading=\"lazy\" class=\"aligncenter size-full\" src=\"https:\/\/pazodapena.com\/wp-content\/uploads\/2016\/01\/manzaneda10.png\" alt=\"\" width=\"255\" height=\"209\" \/>Tiro con arco\r\n\r\n<\/div>\r\n<div class=\"col-sm-4 arre_icon arre_azul centered\"><img decoding=\"async\" loading=\"lazy\" class=\"aligncenter size-full\" src=\"https:\/\/pazodapena.com\/wp-content\/uploads\/2016\/01\/manzaneda11.png\" alt=\"\" width=\"255\" height=\"209\" \/>Campo de f\u00fatbol herba\r\n\r\n<\/div>\r\n<div class=\"col-sm-4 arre_icon arre_azul centered\"><img decoding=\"async\" loading=\"lazy\" class=\"aligncenter size-full\" src=\"https:\/\/pazodapena.com\/wp-content\/uploads\/2016\/01\/manzaneda12.png\" alt=\"\" width=\"255\" height=\"209\" \/>Cafeter\u00eda e restaurante\r\n\r\n<\/div><\/li>\r\n \t<li class=\"col-sm-4\">\r\n<div class=\"col-sm-4 arre_icon arre_azul centered\"><img decoding=\"async\" loading=\"lazy\" class=\"aligncenter size-full\" src=\"https:\/\/pazodapena.com\/wp-content\/uploads\/2016\/01\/manzaneda13.png\" alt=\"\" width=\"255\" height=\"209\" \/>Circuito termal\r\n\r\n<\/div>\r\n<div class=\"col-sm-4 arre_icon arre_azul centered\"><img decoding=\"async\" loading=\"lazy\" class=\"aligncenter size-full\" src=\"https:\/\/pazodapena.com\/wp-content\/uploads\/2016\/01\/manzaneda14.png\" alt=\"\" width=\"255\" height=\"209\" \/>Excursi\u00f3ns a cabalo\r\n\r\n<\/div>\r\n<div class=\"col-sm-4 arre_icon arre_azul centered\"><img decoding=\"async\" loading=\"lazy\" class=\"aligncenter size-full\" src=\"https:\/\/pazodapena.com\/wp-content\/uploads\/2016\/01\/manzaneda15.png\" alt=\"\" width=\"255\" height=\"209\" \/>Parque multiaventura\r\n\r\n<\/div><\/li>\r\n \t<li class=\"col-sm-4\">\r\n<div class=\"col-sm-4 arre_icon arre_azul centered\"><img decoding=\"async\" loading=\"lazy\" class=\"aligncenter size-full\" src=\"https:\/\/pazodapena.com\/wp-content\/uploads\/2016\/01\/manzaneda16.png\" alt=\"\" width=\"255\" height=\"209\" \/>Circuito de karts\r\n\r\n<\/div>\r\n<div class=\"col-sm-4 arre_icon arre_azul centered\"><img decoding=\"async\" loading=\"lazy\" class=\"aligncenter size-full\" src=\"https:\/\/pazodapena.com\/wp-content\/uploads\/2016\/01\/manzaneda17.png\" alt=\"\" width=\"255\" height=\"209\" \/>Pabill\u00f3n multiusos\r\n\r\n<\/div>\r\n<div class=\"col-sm-4 arre_icon arre_azul centered\"><img decoding=\"async\" loading=\"lazy\" class=\"aligncenter size-full\" src=\"https:\/\/pazodapena.com\/wp-content\/uploads\/2016\/01\/manzaneda18.png\" alt=\"\" width=\"255\" height=\"209\" \/>Tenda de moda de monta\u00f1a\r\n\r\n<\/div><\/li>\r\n<\/ul>\r\n<\/div>\r\n<\/div>\r\n<p class=\"centered mapa_virtual\"><a href=\"https:\/\/www.google.com\/maps\/d\/viewer?hl=es&amp;mid=12qM6RZnmwUYOnlqjAP0f0n2zDE4&amp;ll=42.307201311297064%2C-7.240844609178339&amp;z=16\" target=\"_blank\" rel=\"noopener noreferrer\">\r\n<img decoding=\"async\" src=\"https:\/\/pazodapena.com\/wp-content\/uploads\/mapa-virtual2.png\" alt=\"\" \/><\/a><\/p>\r\n<a href=\"javascript:void(0);\" role=\"button\" id=\"button\" data-toggle=\"collapse\" data-target=\"#manzanedainfo\" aria-expanded=\"false\">\r\n<div class=\"arredores\">\r\n<div class=\"collapse-close\"><\/div>\r\n<\/div>\r\n<\/a>\r\n\r\n<\/div>\r\n<a href=\"javascript:void(0);\" role=\"button\" id=\"button\" data-toggle=\"collapse\" data-target=\"#detoxinfo\" aria-expanded=\"false\">\r\n<div class=\"arredores\"><img decoding=\"async\" class=\"full-width centered wp-image-3592\" src=\"https:\/\/pazodapena.com\/wp-content\/uploads\/2016\/01\/turismodetox.png\" alt=\"\" width=\"100%\" \/>\r\n<div class=\"title\"><b>TURISMO DETOX<\/b>\r\nConecta coa natureza<\/div>\r\n<div class=\"collapse-link\"><\/div>\r\n<\/div>\r\n<\/a>\r\n<div id=\"detoxinfo\" class=\"collapse\" style=\"padding-bottom: 20px;\">\r\n<p class=\"centered\">Na capa de TURISMO DETOX do noso Mapa Tur\u00edstico Virtual atopar\u00e1s unha completa listaxe coas diferentes actividades coas que conectar dun\r\nxeito m\u00e1is directo coa natureza que nos arrodea: zonas de ba\u00f1o fluvial, paseos, actividades, rotas de sendeirismo e BTT. Todas elas organizadas\r\nna lenda en dous lotes: o primeiro lote coas actividades situadas nos arredores do pazo baixo o t\u00edtulo de &#8220;Actividades Detox Preto&#8221;, e outras m\u00e1is\r\nafastadas do pazo co t\u00edtulo &#8220;Actividades Detox Lonxe&#8221;.<\/p>\r\n<p class=\"centered\"><b>ALGUNHAS DAS ACTIVIDADES DETOX M\u00c1IS POPULARES NA ZONA<\/b><\/p>\r\n\r\n<div class=\"row detox_act\">\r\n<div class=\"col-md-2\"><\/div>\r\n<div class=\"col-md-4 centered detox_azul\" style=\"border-left: 3px solid;\"><img decoding=\"async\" src=\"https:\/\/pazodapena.com\/wp-content\/uploads\/detox1.png\" alt=\"\" \/>\r\n<p class=\"centered title\">PRAIA FLUVIAL O CANEIRO\r\n(R\u00cdO BIBEI)<\/p>\r\n\r\n<\/div>\r\n<div class=\"col-md-4 centered detox_azul\"><img decoding=\"async\" src=\"https:\/\/pazodapena.com\/wp-content\/uploads\/detox2.png\" alt=\"\" \/>\r\n<p class=\"centered title\">PRAIA FLUVIAL DAS HERMIDAS\r\n(R\u00cdO BIBEI)<\/p>\r\n\r\n<\/div>\r\n<div class=\"col-md-2\"><\/div>\r\n<\/div>\r\n&nbsp;\r\n<div class=\"row detox_act\">\r\n<div class=\"col-md-4 centered detox_amarillo\" style=\"border-left: 3px solid;\"><img decoding=\"async\" src=\"https:\/\/pazodapena.com\/wp-content\/uploads\/detox3.png\" alt=\"\" \/>\r\n<p class=\"centered title\">PASEO POLA VILA MEDIEVAL DE\r\nMANZANEDA<\/p>\r\n\r\n<\/div>\r\n<div class=\"col-md-4 centered detox_amarillo\"><img decoding=\"async\" src=\"https:\/\/pazodapena.com\/wp-content\/uploads\/detox4.png\" alt=\"\" \/>\r\n<p class=\"centered title\">PASEO AO CASTI\u00d1EIRO DE POMBARI\u00d1OS\r\nNO SOUTO DE ROZAVALES<\/p>\r\n\r\n<\/div>\r\n<div class=\"col-md-4 centered detox_amarillo\"><img decoding=\"async\" src=\"https:\/\/pazodapena.com\/wp-content\/uploads\/detox5.png\" alt=\"\" \/>\r\n<p class=\"centered title\">PASEO POLOS SEQUEIROS DE PENA\r\nFOLENCHE<\/p>\r\n\r\n<\/div>\r\n<\/div>\r\n&nbsp;\r\n<div class=\"row detox_act\">\r\n<div class=\"col-md-4 centered detox_verde\" style=\"border-left: 3px solid;\"><img decoding=\"async\" src=\"https:\/\/pazodapena.com\/wp-content\/uploads\/detox6.png\" alt=\"\" \/>\r\n<p class=\"centered title\">ROTA DOS SOUTOS DE\r\nCESURIS<\/p>\r\n<p class=\"centered\">Merg\u00fallate nos prezados e misteriosos soutos de Manzaneda<\/p>\r\n\r\n<\/div>\r\n<div class=\"col-md-4 centered detox_verde\"><img decoding=\"async\" src=\"https:\/\/pazodapena.com\/wp-content\/uploads\/detox7.png\" alt=\"\" \/>\r\n<p class=\"centered title\">ROTA DO GLACIAR\r\nDE PRADA \/ AS LAMAS<\/p>\r\n<p class=\"centered\">Visita Prada, encantadora alde\u00ed\u00f1a abandonada nun antigo glaciar<\/p>\r\n\r\n<\/div>\r\n<div class=\"col-md-4 centered detox_verde\"><img decoding=\"async\" src=\"https:\/\/pazodapena.com\/wp-content\/uploads\/detox8.png\" alt=\"\" \/>\r\n<p class=\"centered title\">ROTEIRO DOS\r\nCURROS<\/p>\r\n<p class=\"centered\">Avent\u00farate na Serra de Queixa en busca dos seus enxebres refuxios<\/p>\r\n\r\n<\/div>\r\n<\/div>\r\n&nbsp;\r\n<div class=\"row detox_act\">\r\n<div class=\"col-md-4 centered detox_verde\" style=\"border-left: 3px solid;\"><img decoding=\"async\" src=\"https:\/\/pazodapena.com\/wp-content\/uploads\/detox9.png\" alt=\"\" \/>\r\n<p class=\"centered title\">ROTA AO\r\nCAN\u00d3N DE BIBEI<\/p>\r\n<p class=\"centered\">Descubre os recunchos esquecidos do para\u00edso natural do Bibei<\/p>\r\n\r\n<\/div>\r\n<div class=\"col-md-4 centered detox_verde\"><img decoding=\"async\" src=\"https:\/\/pazodapena.com\/wp-content\/uploads\/detox10.png\" alt=\"\" \/>\r\n<p class=\"centered title\">ROTA DA V\u00cdA NOVA\r\nPolo Navea, Cabalar e o Bibei.<\/p>\r\n<p class=\"centered\">Sigue as pegadas da espectacular enxe\u00f1ar\u00eda civil do Imperio Romano<\/p>\r\n\r\n<\/div>\r\n<div class=\"col-md-4 centered detox_verde\"><img decoding=\"async\" src=\"https:\/\/pazodapena.com\/wp-content\/uploads\/detox11.png\" alt=\"\" \/>\r\n<p class=\"centered title\">ROTA DA FRAGA DE\r\nSAN XO\u00c1N DE R\u00cdO<\/p>\r\n<p class=\"centered\">Ad\u00e9ntrate na reboleira do Navea, o bosque de Galicia, o dos dru\u00eddas celtas.<\/p>\r\n\r\n<\/div>\r\n<\/div>\r\n<p class=\"centered mapa_virtual\"><a href=\"https:\/\/www.google.com\/maps\/d\/viewer?hl=es&amp;mid=12qM6RZnmwUYOnlqjAP0f0n2zDE4&amp;ll=42.307201311297064%2C-7.240844609178339&amp;z=16\" target=\"_blank\" rel=\"noopener noreferrer\"><img decoding=\"async\" src=\"https:\/\/pazodapena.com\/wp-content\/uploads\/mapa-virtual2.png\" alt=\"\" \/><\/a><\/p>\r\n<a href=\"javascript:void(0);\" role=\"button\" id=\"button\" data-toggle=\"collapse\" data-target=\"#detoxinfo\" aria-expanded=\"false\">\r\n<div class=\"arredores\">\r\n<div class=\"collapse-close\"><\/div>\r\n<\/div>\r\n<\/a>\r\n\r\n<\/div>\r\n<a href=\"javascript:void(0);\" role=\"button\" id=\"button\" data-toggle=\"collapse\" data-target=\"#ribeirainfo\" aria-expanded=\"false\">\r\n<div class=\"arredores\"><img decoding=\"async\" class=\"full-width centered wp-image-3592\" src=\"https:\/\/pazodapena.com\/wp-content\/uploads\/2016\/01\/ribeirasacra.png\" alt=\"\" width=\"100%\" \/>\r\n<div class=\"title\"><b>RIBEIRA SACRA<\/b>\r\nO sabor dunha paisaxe<\/div>\r\n<div class=\"collapse-link\"><\/div>\r\n<\/div>\r\n<\/a>\r\n<div id=\"ribeirainfo\" class=\"collapse\" style=\"padding-bottom: 20px;\">\r\n<p class=\"centered\">Poder\u00eda definirse coma un dos segredos mellor gardados da Galicia interior, que ten como elemento aglutinador, o curso fluvial do Mi\u00f1o, do Sil\r\ne do Bibei.<\/p>\r\n<p class=\"centered\">Estes importantes r\u00edos, mais os seus afluentes, decorren pola xeograf\u00eda a trav\u00e9s de can\u00f3ns de maior ou menor verticalidade, deixando ao seu\r\npaso unha paisaxe \u00fanica e unha terra singular, elixida dende antano como lugar de retiro, pois \u00e9 onde se atopa a maior concentraci\u00f3n de\r\nconstruci\u00f3ns relixiosas de estilo rom\u00e1nico de Europa.<\/p>\r\n<p class=\"centered\">Ademais, as s\u00faas condici\u00f3ns clim\u00e1ticas favoreceron o desenvolvemento dunha importante e senlleira actividade vitivin\u00edcola dende a \u00e9poca dos\r\nromanos.<\/p>\r\n<p class=\"centered arre_azul\" style=\"padding-top: 25px;\"><b>RIBEIRA SACRA. VAL DO BIBEI<\/b><\/p>\r\n<p class=\"centered\">O r\u00edo Bibei, no seu \u00faltimo treito antes de despedirse e abocar toda a s\u00faa auga no r\u00edo Sil en Montefurado, agas\u00e1llanos co Can\u00f3n do Bibei, un lugar at\u00e9 agora case desco\u00f1ecido, que lle permite presumir dunha paisaxe virxe e enxebre marcada, como non, pola ancestral viticultura heroica propia de toda a Ribeira Sacra, traballada dende fai 2.000 anos polos romanos.<\/p>\r\n\r\n<div class=\"row\" style=\"padding: 35px 0;\">\r\n<div class=\"col-md-12\"><img decoding=\"async\" class=\"centered\" src=\"https:\/\/pazodapena.com\/wp-content\/uploads\/2016\/01\/ribeira_sacra.png\" alt=\"\" \/><\/div>\r\n<\/div>\r\n<p class=\"centered arre_azul\" style=\"padding-top: 25px;\"><b>RIBEIRA SACRA DO SIL. CAN\u00d3N DO R\u00cdO SIL<\/b><\/p>\r\n<p class=\"centered\">O r\u00edo Sil, dende Quiroga at\u00e9 a s\u00faa foz no r\u00edo Mi\u00f1o en Os Peares, decorre por uns can\u00f3ns de orixe tect\u00f3nica con fortes contrastes nas s\u00faas ladeiras, entre grandes penas, vexetaci\u00f3n e augas tranquilas. Facer un paseo en barco \u00e9 un dos mellores xeitos de apreciar os seus desniveis, de m\u00e1is de 500m nalg\u00fans puntos, e con pendentes de m\u00e1is de 50 graos, \u00e1s veces verticais.<\/p>\r\n<p class=\"centered\">O seu clima presenta tam\u00e9n importantes variaci\u00f3ns, amosando a s\u00faa condici\u00f3n mediterr\u00e1nea-h\u00famida nas ladeiras de solaina, axeitadas para o cultivo da vide nos famosos socalcos que chegan at\u00e9 as abas; e a s\u00faa condici\u00f3n atl\u00e1ntica-superh\u00famida, nas partes m\u00e1is asombrecidas do can\u00f3n, como nas s\u00faas veigas e bosques ribeir\u00edos.<\/p>\r\n\r\n<div class=\"row ribeira_icons\" style=\"padding-top: 20px;\">\r\n<div class=\"col-md-1\"><\/div>\r\n<div class=\"col-md-2 arre_icon centered\"><img decoding=\"async\" src=\"https:\/\/pazodapena.com\/wp-content\/uploads\/2016\/01\/ribeira_sacra1.png\" alt=\"\" \/>\r\nMiradoiros de\r\nv\u00e9rtigo<\/div>\r\n<div class=\"col-md-2 arre_icon centered\"><img decoding=\"async\" src=\"https:\/\/pazodapena.com\/wp-content\/uploads\/2016\/01\/ribeira_sacra2.png\" alt=\"\" \/>\r\nAdegas abertas\r\nao p\u00fablico<\/div>\r\n<div class=\"col-md-2 arre_icon centered\"><img decoding=\"async\" src=\"https:\/\/pazodapena.com\/wp-content\/uploads\/2016\/01\/ribeira_sacra3.png\" alt=\"\" \/>\r\nPaseos en barco\r\npolos can\u00f3ns<\/div>\r\n<div class=\"col-md-2 arre_icon centered\"><img decoding=\"async\" src=\"https:\/\/pazodapena.com\/wp-content\/uploads\/2016\/01\/ribeira_sacra4.png\" alt=\"\" \/>\r\nKayak polo\r\nr\u00edo Sil<\/div>\r\n<div class=\"col-md-2 arre_icon centered\"><img decoding=\"async\" src=\"https:\/\/pazodapena.com\/wp-content\/uploads\/2016\/01\/ribeira_sacra5.png\" alt=\"\" \/>\r\nVisita aos mosteiros\r\ndas ribeiras do Sil<\/div>\r\n<div class=\"col-md-1\"><\/div>\r\n<\/div>\r\n<a href=\"javascript:void(0);\" role=\"button\" id=\"button\" data-toggle=\"collapse\" data-target=\"#ribeirainfo\" aria-expanded=\"false\">\r\n<div class=\"arredores\">\r\n<div class=\"collapse-close\"><\/div>\r\n<\/div>\r\n<\/a>\r\n\r\n<\/div>\r\n<p class=\"centered mapa_virtual mapa_grande\"><a href=\"https:\/\/www.google.com\/maps\/d\/viewer?hl=es&amp;mid=12qM6RZnmwUYOnlqjAP0f0n2zDE4&amp;ll=42.307201311297064%2C-7.240844609178339&amp;z=16\" target=\"_blank\" rel=\"noopener noreferrer\">\r\n<img decoding=\"async\" src=\"https:\/\/pazodapena.com\/wp-content\/uploads\/mapa-virtual.png\" alt=\"\" \/><\/a><\/p>\r\n<p class=\"centered\">Toda esta informaci\u00f3n, e moita m\u00e1is, poder\u00e1s consultala no noso <a class=\"arre_azul\" style=\"color: #3687b9;\" href=\"https:\/\/www.google.com\/maps\/d\/viewer?hl=es&amp;mid=12qM6RZnmwUYOnlqjAP0f0n2zDE4&amp;ll=42.307201311297064%2C-7.240844609178339&amp;z=16\" target=\"_blank\" rel=\"noopener noreferrer\">Mapa Tur\u00edstico Virtual<\/a>, creado especialmente para os nosos h\u00f3spedes.<\/p>\r\n<p class=\"centered\">No mesmo, atopar\u00e1s todo o que precisas saber para vir a co\u00f1ecer a nosa comarca e as que nos arrodean, para vivir o enoturismo na Ribeira\r\nSacra e en Valdeorras, e para experimentar o Turismo Detox que tanto andabas a buscar.<\/p>\r\n<p class=\"centered\">Toda a informaci\u00f3n tur\u00edstica nun s\u00f3 <a class=\"arre_azul\" style=\"color: #3687b9;\" href=\"https:\/\/www.google.com\/maps\/d\/viewer?hl=es&amp;mid=12qM6RZnmwUYOnlqjAP0f0n2zDE4&amp;ll=42.307201311297064%2C-7.240844609178339&amp;z=16\" target=\"_blank\" rel=\"noopener noreferrer\">clic<\/a>.<\/p>\r\n\r\n<\/div>\r\n<\/div>","protected":false},"excerpt":{"rendered":"<p>O Pazo da Pena pres\u00e9ntase como o lugar perfecto para os amantes do rural e da natureza, do sendeirismo e do enoturismo, e por suposto, para os que gozan descubrindo m\u00e1is restos do legado da prehistoria e da cultura celta, &hellip; <a href=\"https:\/\/pazodapena.com\/gl\/nos-arredores\/\">Ler m\u00e1is<\/a><\/p>\n","protected":false},"author":1,"featured_media":0,"parent":0,"menu_order":0,"comment_status":"closed","ping_status":"closed","template":"","meta":{"footnotes":""},"_links":{"self":[{"href":"https:\/\/pazodapena.com\/gl\/wp-json\/wp\/v2\/pages\/2731"}],"collection":[{"href":"https:\/\/pazodapena.com\/gl\/wp-json\/wp\/v2\/pages"}],"about":[{"href":"https:\/\/pazodapena.com\/gl\/wp-json\/wp\/v2\/types\/page"}],"author":[{"embeddable":true,"href":"https:\/\/pazodapena.com\/gl\/wp-json\/wp\/v2\/users\/1"}],"replies":[{"embeddable":true,"href":"https:\/\/pazodapena.com\/gl\/wp-json\/wp\/v2\/comments?post=2731"}],"version-history":[{"count":9,"href":"https:\/\/pazodapena.com\/gl\/wp-json\/wp\/v2\/pages\/2731\/revisions"}],"predecessor-version":[{"id":5078,"href":"https:\/\/pazodapena.com\/gl\/wp-json\/wp\/v2\/pages\/2731\/revisions\/5078"}],"wp:attachment":[{"href":"https:\/\/pazodapena.com\/gl\/wp-json\/wp\/v2\/media?parent=2731"}],"curies":[{"name":"wp","href":"https:\/\/api.w.org\/{rel}","templated":true}]}}