{"id":4625,"date":"2017-11-20T11:06:50","date_gmt":"2017-11-20T11:06:50","guid":{"rendered":"https:\/\/pazodapena.com\/?page_id=4625"},"modified":"2019-11-05T10:40:36","modified_gmt":"2019-11-05T10:40:36","slug":"traballa-connosco","status":"publish","type":"page","link":"https:\/\/pazodapena.com\/gl\/traballa-connosco\/","title":{"rendered":"Traballa connosco"},"content":{"rendered":"<div class=\"col-md-1\"><\/div><div class=\"traballa col-md-10\"><p style=\"text-align: center;\">O inicio deste proxecto situ\u00e1molo no ano 2008\u00a0cando,\u00a0despois de longas d\u00e9cadas de abandono,\u00a0unha inesperada\u00a0oportunidade\u00a0chamou \u00e1s portas desta antiga\u00a0casa fidalga, coa que se\u00a0emprendeu unha rehabilitaci\u00f3n integral con total respecto \u00e1 s\u00faa singularidade,\u00a0mudando por completo\u00a0o seu presaxiado destino.<\/p>\r\n\r\n<p style=\"text-align: center;\">No entanto, o seu rexurdimento\u00a0non se materializar\u00eda\u00a0at\u00e9 o ver\u00e1n do ano\u00a02015, cando por fin o seu coraz\u00f3n\u00a0volveu latexar,\u00a0como aloxamento de Turismo Rural de Categor\u00eda Superior Grupo A &#8211; Pazo.<\/p>\r\n\r\n<p style=\"text-align: center;\">A paix\u00f3n polo noso patrimonio cultural e\u00a0natural, as\u00ed como\u00a0a aposta pola recuperaci\u00f3n do rural, quixeron que, despois de tantos anos de decadencia e soidade, o Pazo da Pena voltase brillar nas noites de Manzaneda.<\/p>\r\n\r\n<p style=\"text-align: center;\">Dende ent\u00f3n, traballamos\u00a0arreo\u00a0ca fin\u00a0de medrar, evolucionar e perfeccionar cada d\u00eda, para brindar a todos os nosos h\u00f3spedes unha pazoexperiencia inesquec\u00edbel.<\/p>\r\n<p style=\"text-align: center;\"><b>Gustar\u00edache formar parte deste proxecto novidoso e\u00a0apaixoante?\u00a0<\/b><\/p>\r\n<p style=\"text-align: center;\"><b>M\u00e1ndanos o teu Curriculum Vitae no seguinte formulario e estaremos encantados de valorar o teu perfil\u00a0para ampliar o noso capital humano nos vindeiros procesos de selecci\u00f3n.<\/b><\/p>\r\n[gravityform id=&#8221;2&#8243; title=&#8221;false&#8221; description=&#8221;false&#8221; ajax=&#8221;true&#8221;]\r\n<\/div>\r\n\r\n<div class=\"col-md-1\"><\/div>","protected":false},"excerpt":{"rendered":"<p>O inicio deste proxecto situ\u00e1molo no ano 2008\u00a0cando,\u00a0despois de longas d\u00e9cadas de abandono,\u00a0unha inesperada\u00a0oportunidade\u00a0chamou \u00e1s portas desta antiga\u00a0casa fidalga, coa que se\u00a0emprendeu unha rehabilitaci\u00f3n integral con total respecto \u00e1 s\u00faa singularidade,\u00a0mudando por completo\u00a0o seu presaxiado destino. No entanto, o seu &hellip; <a href=\"https:\/\/pazodapena.com\/gl\/traballa-connosco\/\">Ler m\u00e1is<\/a><\/p>\n","protected":false},"author":1,"featured_media":0,"parent":0,"menu_order":0,"comment_status":"closed","ping_status":"closed","template":"","meta":{"footnotes":""},"_links":{"self":[{"href":"https:\/\/pazodapena.com\/gl\/wp-json\/wp\/v2\/pages\/4625"}],"collection":[{"href":"https:\/\/pazodapena.com\/gl\/wp-json\/wp\/v2\/pages"}],"about":[{"href":"https:\/\/pazodapena.com\/gl\/wp-json\/wp\/v2\/types\/page"}],"author":[{"embeddable":true,"href":"https:\/\/pazodapena.com\/gl\/wp-json\/wp\/v2\/users\/1"}],"replies":[{"embeddable":true,"href":"https:\/\/pazodapena.com\/gl\/wp-json\/wp\/v2\/comments?post=4625"}],"version-history":[{"count":2,"href":"https:\/\/pazodapena.com\/gl\/wp-json\/wp\/v2\/pages\/4625\/revisions"}],"predecessor-version":[{"id":5026,"href":"https:\/\/pazodapena.com\/gl\/wp-json\/wp\/v2\/pages\/4625\/revisions\/5026"}],"wp:attachment":[{"href":"https:\/\/pazodapena.com\/gl\/wp-json\/wp\/v2\/media?parent=4625"}],"curies":[{"name":"wp","href":"https:\/\/api.w.org\/{rel}","templated":true}]}}